{"id":314,"date":"2020-08-06T19:15:28","date_gmt":"2020-08-06T23:15:28","guid":{"rendered":"https:\/\/web-pyme.cl\/prueba3\/login-2\/"},"modified":"2020-08-07T17:54:10","modified_gmt":"2020-08-07T21:54:10","slug":"mi-cuenta","status":"publish","type":"page","link":"https:\/\/web-pyme.cl\/prueba3\/mi-cuenta\/","title":{"rendered":"Mi cuenta"},"content":{"rendered":"<div class=\"directorist-login-wrapper directorist-w-100\">\n    <div class=\"directorist-container-fluid\">\n        <div class=\"directorist-row\">\n            <div class=\"directorist-col-md-6 directorist-offset-md-3\">\n                <div class=\"atbdp_login_form_shortcode\">\n                    \t\t\t\t\t\t<form action=\"#\" id=\"login\" method=\"POST\">\n\t\t\t\t\t\t\t<div class=\"directorist-form-group directorist-mb-15\">\n\t\t\t\t\t\t\t\t<label for=\"username\">Nombre de usuario o Email<\/label>\n\t\t\t\t\t\t\t\t<input type=\"text\" class=\"directorist-form-element\" id=\"username\" name=\"username\">\n\t\t\t\t\t\t\t<\/div>\n\n\t\t\t\t\t\t\t<div class=\"directorist-form-group directorist-mb-15\">\n\t\t\t\t\t\t\t\t<label for=\"password\">Contrase\u00f1a<\/label>\n\t\t\t\t\t\t\t\t<input type=\"password\" id=\"password\" autocomplete=\"off\" name=\"password\" class=\"directorist-form-element\">\n\t\t\t\t\t\t\t<\/div>\n\n\t\t\t\t\t\t\t<div class=\"directorist-form-group atbd_login_btn_wrapper directorist-mb-15\">\n\t\t\t\t\t\t\t\t<button class=\"directorist-btn directorist-btn-block directorist-btn-primary\" type=\"submit\" value=\"Ingresar\" name=\"submit\">Ingresar<\/button>\n\t\t\t\t\t\t\t\t<input type=\"hidden\" id=\"security\" name=\"security\" value=\"23f93a1e30\" \/><input type=\"hidden\" name=\"_wp_http_referer\" value=\"\/prueba3\/wp-json\/wp\/v2\/pages\/314\" \/>\t\t\t\t\t\t\t<\/div>\n\t\t\t\t\t\t\t<p class=\"status\"><\/p>\n\n\t\t\t\t\t\t\t<div class=\"keep_signed directorist-checkbox directorist-mb-15\">\n\t\t\t\t\t\t\t\t\t\t\t\t\t\t\t\t\t<input type=\"checkbox\" id=\"keep_signed_in\" value=\"1\" name=\"keep_signed_in\" checked>\n\t\t\t\t\t\t\t\t\t<label for=\"keep_signed_in\" class=\"directorist-checkbox__label not_empty\">\n\t\t\t\t\t\t\t\t\t\tRecu\u00e9rdame\t\t\t\t\t\t\t\t\t<\/label>\n\t\t\t\t\t\t\t\t\t\t\t\t\t\t\t<\/div>\n\n\t\t\t\t\t\t\t<p><a href='' class='atbdp_recovery_pass'> Recuperar contrase\u00f1a<\/a><\/p>\n\t\t\t\t\t\t<\/form>\n\n\t\t\t\t\t\t<div class=\"atbd_social_login\">\n\t\t\t\t\t\t\t\t\t\t\t\t\t<\/div>\n\n\t\t\t\t\t\t\t\t\t\t\t\t\t<p>\n\t\t\t\t\t\t\t\tNo se ha registrado?\t\t\t\t\t\t\t\t<a href=\"https:\/\/web-pyme.cl\/prueba3\/registro\/\">Reg\u00edstrese<\/a>\n\t\t\t\t\t\t\t<\/p>\n\t\t\t\t\t\t\n\t\t\t\t\t\t\n\t\t\t\t\t\t<div id=\"recover-pass-modal\" class=\"directorist-mt-15\">\n\t\t\t\t\t\t\t<form method=\"post\">\n\t\t\t\t\t\t\t\t<fieldset class=\"directorist-form-group\">\n\t\t\t\t\t\t\t\t\t<p>Olvid\u00f3 su contrase\u00f1a? Escriba su Email. Recibir\u00e1 un enlace para crear una nueva contrase\u00f1a.<\/p>\n\t\t\t\t\t\t\t\t\t<label for=\"reset_user_login\">Email<\/label>\n\t\t\t\t\t\t\t\t\t<input type=\"text\" class=\"directorist-form-element\" name=\"user_login\" id=\"reset_user_login\" value=\"\" placeholder=\"juanito@ejemplo.com\" required=\"required\" \/>\n\t\t\t\t\t\t\t\t\t<p>\n\t\t\t\t\t\t\t\t\t\t<input type=\"hidden\" name=\"action\" value=\"reset\" \/>\n\t\t\t\t\t\t\t\t\t\t<button type=\"submit\" class=\"directorist-btn directorist-btn-primary\" id=\"submit\">Generar una nueva contrase\u00f1a<\/button>\n\t\t\t\t\t\t\t\t\t\t<input type=\"hidden\" value=\"43f8fbc713\" name=\"directorist_nonce\">\n\t\t\t\t\t\t\t\t\t<\/p>\n\t\t\t\t\t\t\t\t<\/fieldset>\n\t\t\t\t\t\t\t<\/form>\n\t\t\t\t\t\t<\/div>\n\t\t\t\t\t\t\t\t\t<\/div><!-- \/.atbdp_login_form_shortcode -->\n\t\t\t<\/div>\n\t\t<\/div>\n\t<\/div>\n<\/div>\n\n","protected":false},"excerpt":{"rendered":"","protected":false},"author":21,"featured_media":0,"parent":0,"menu_order":0,"comment_status":"closed","ping_status":"closed","template":"","meta":{"_editorskit_title_hidden":false,"_editorskit_reading_time":0,"_editorskit_is_block_options_detached":false,"_editorskit_block_options_position":"{}","_kad_post_transparent":"","_kad_post_title":"","_kad_post_layout":"","_kad_post_sidebar_id":"","_kad_post_content_style":"","_kad_post_vertical_padding":"","_kad_post_feature":"","_kad_post_feature_position":"","_kad_post_header":false,"_kad_post_footer":false},"acf":[],"_links":{"self":[{"href":"https:\/\/web-pyme.cl\/prueba3\/wp-json\/wp\/v2\/pages\/314"}],"collection":[{"href":"https:\/\/web-pyme.cl\/prueba3\/wp-json\/wp\/v2\/pages"}],"about":[{"href":"https:\/\/web-pyme.cl\/prueba3\/wp-json\/wp\/v2\/types\/page"}],"author":[{"embeddable":true,"href":"https:\/\/web-pyme.cl\/prueba3\/wp-json\/wp\/v2\/users\/21"}],"replies":[{"embeddable":true,"href":"https:\/\/web-pyme.cl\/prueba3\/wp-json\/wp\/v2\/comments?post=314"}],"version-history":[{"count":4,"href":"https:\/\/web-pyme.cl\/prueba3\/wp-json\/wp\/v2\/pages\/314\/revisions"}],"predecessor-version":[{"id":659,"href":"https:\/\/web-pyme.cl\/prueba3\/wp-json\/wp\/v2\/pages\/314\/revisions\/659"}],"wp:attachment":[{"href":"https:\/\/web-pyme.cl\/prueba3\/wp-json\/wp\/v2\/media?parent=314"}],"curies":[{"name":"wp","href":"https:\/\/api.w.org\/{rel}","templated":true}]}}