{"id":313,"date":"2020-08-06T19:15:28","date_gmt":"2020-08-06T23:15:28","guid":{"rendered":"https:\/\/web-pyme.cl\/prueba3\/registration\/"},"modified":"2020-08-11T16:09:03","modified_gmt":"2020-08-11T20:09:03","slug":"registro","status":"publish","type":"page","link":"https:\/\/web-pyme.cl\/prueba3\/registro\/","title":{"rendered":"Registro"},"content":{"rendered":"\n<div class=\"wp-block-kadence-rowlayout alignnone\"><div id=\"kt-layout-id_442ee3-08\" class=\"kt-row-layout-inner kt-layout-id_442ee3-08\"><div class=\"kt-row-column-wrap kt-has-1-columns kt-gutter-default kt-v-gutter-default kt-row-valign-top kt-row-layout-equal kt-tab-layout-inherit kt-m-colapse-left-to-right kt-mobile-layout-row\">\n<div class=\"wp-block-kadence-column inner-column-1 kadence-column_e6b98b-80\"><div class=\"kt-inside-inner-col\">\n<p class=\"has-text-align-center\">Complete, por favor, el siguiente formulario de registro.<br>Una vez registrado usted podr\u00e1 publicar uno o m\u00e1s anuncios f\u00e1cilmente en el siguiente paso.<br>El nombre de usuario se utiliza s\u00f3lo internamente, usted tendr\u00e1 la opci\u00f3n de publicar su nombre completo en cada anuncio.<br>Su anuncio s\u00f3lo aparecer\u00e1 publicado una vez que nos env\u00ede el comprobante de transferencia bancaria.<br>Cada anuncio tiene un costo de $15.000.-<\/p>\n<\/div><\/div>\n<\/div><\/div><\/div>\n\n\n<div class=\"directorist-registration-wrapper directorist-w-100\">\n\t<div class=\"directorist-container-fluid\">\n\t\t<div class=\"directorist-row\">\n\t\t\t<div class=\"directorist-col-md-6 directorist-offset-md-3\">\n\t\t\t\t<div class=\"add_listing_title atbd_success_mesage\">\n\t\t\t\t\t\t\t\t\t\t<!--Registration failed, so show notification.-->\n\t\t\t\t\t\t\t\t\t<\/div>\n\t\t\t<\/div>\n\t\t\t<div class=\"directorist-col-md-6 directorist-offset-md-3\">\n\t\t\t\t<div class=\"directory_register_form_wrap\">\n\t\t\t\t\t<form action=\"https:\/\/web-pyme.cl\/prueba3\/registro\/\" method=\"post\">\n\t\t\t\t\t\t<div class=\"directorist-form-group directorist-mb-15\">\n\t\t\t\t\t\t\t<label for=\"username\">Nombre de usuario (una sola palabra en min\u00fasculas) <strong class=\"directorist-form-required\">*<\/strong><\/label>\n\t\t\t\t\t\t\t<input id=\"username\" class=\"directorist-form-element\" type=\"text\" name=\"username\" value=\"\" required>\n\t\t\t\t\t\t<\/div>\n\t\t\t\t\t\t<div class=\"directorist-form-group directorist-mb-15\">\n\t\t\t\t\t\t\t<label for=\"email\">Email <strong class=\"directorist-form-required\">*<\/strong><\/label>\n\t\t\t\t\t\t\t<input id=\"email\" class=\"directorist-form-element\" type=\"text\" name=\"email\" value=\"\" required>\n\t\t\t\t\t\t<\/div>\n\t\t\t\t\t\t\t\t\t\t\t\t\t<div class=\"directorist-form-group directorist-mb-15\">\n\t\t\t\t\t\t\t\t<label for=\"password\">Contrase\u00f1a<strong class=\"directorist-form-required\">*<\/strong><\/label>\n\t\t\t\t\t\t\t\t<input id=\"password\" class=\"directorist-form-element\" type=\"password\" name=\"password\" value=\"\" required>\n\t\t\t\t\t\t\t<\/div>\n\t\t\t\t\t\t\t\t\t\t\t\t\t\t\t\t\t\t<div class=\"directorist-form-group directorist-mb-15\">\n\t\t\t\t\t\t\t<label for=\"fname\">Nombre<strong class=\"directorist-form-required\">*<\/strong><\/label>\n\t\t\t\t\t\t\t<input id=\"fname\" class=\"directorist-form-element\" type=\"text\" name=\"fname\" value=\"\" required>\n\t\t\t\t\t\t<\/div>\n\t\t\t\t\t\t\t\t\t\t\t\t\t\t\t\t\t\t<div class=\"directorist-form-group directorist-mb-15\">\n\t\t\t\t\t\t\t<label for=\"lname\">Apellidos<strong class=\"directorist-form-required\">*<\/strong><\/label>\n\t\t\t\t\t\t\t<input class=\"directorist-form-element\" id=\"lname\" type=\"text\" name=\"lname\" value=\"\" required>\n\t\t\t\t\t\t<\/div>\n\t\t\t\t\t\t\t\t\t\t\t\t\t\t\t\t\t\t\t\t\t\t\t\t\n\t\t\t\t\t\t\t\t\t\t\t\t\t\t\t\t\t\t\t<div class=\"atbd_term_and_condition_area directory_regi_btn directorist-checkbox directorist-mb-15\">\n\t\t\t\t\t\t\t\t<input id=\"listing_t\" type=\"checkbox\" name=\"t_c_check\" >\n\t\t\t\t\t\t\t\t<label for=\"listing_t\" class=\"directorist-checkbox__label\">Estoy de acuerdo\t\t\t\t\t\t\t\t\t<a style=\"color: red\" target=\"_blank\" href=\"https:\/\/web-pyme.cl\/prueba3\/terminos-y-condiciones\/\">T\u00e9rminos y condiciones<\/a> <span class=\"directorist-form-required\">*<\/span><\/label>\n\t\t\t\t\t\t\t<\/div>\n\t\t\t\t\t\t\n\t\t\t\t\t\t\t\t\t\t\t\t\t\t\t\t\t\t<div class=\"directory_regi_btn directorist-mb-15\">\n\t\t\t\t\t\t\t\t\t\t\t\t\t\t<input type=\"hidden\" name='previous_page' value=''>\n\t\t\t\t\t\t\t\t\t\t\t\t\t\t<button type=\"submit\" class=\"directorist-btn directorist-btn-primary\" name=\"atbdp_user_submit\">Ingresar<\/button>\n\t\t\t\t\t\t\t<input type=\"hidden\" value=\"43f8fbc713\" name=\"directorist_nonce\">\n\t\t\t\t\t\t<\/div>\n\t\t\t\t\t\t\t\t\t\t\t\t<div class=\"directory_regi_btn\">\n\t\t\t\t\t\t\t<p>Ya se ha registrado? Ingrese a su cuenta <a href=\"https:\/\/web-pyme.cl\/prueba3\/mi-cuenta\/\">Aqu\u00ed<\/a><\/p>\n\t\t\t\t\t\t<\/div>\n\t\t\t\t\t\t\t\t\t\t\t<\/form>\n\t\t\t\t<\/div>\n\t\t\t<\/div>\n\t\t<\/div> <!--ends .row-->\n\t<\/div>\n<\/div>\n\n","protected":false},"excerpt":{"rendered":"<p>Complete, por favor, el siguiente formulario de registro.Una vez registrado usted podr\u00e1 publicar uno o m\u00e1s anuncios f\u00e1cilmente en el siguiente paso.El nombre de usuario se utiliza s\u00f3lo internamente, usted tendr\u00e1 la opci\u00f3n de publicar su nombre completo en cada anuncio.Su anuncio s\u00f3lo aparecer\u00e1 publicado una vez que nos env\u00ede el comprobante de transferencia bancaria.Cada&#8230;<\/p>\n","protected":false},"author":21,"featured_media":0,"parent":0,"menu_order":0,"comment_status":"closed","ping_status":"closed","template":"","meta":{"_editorskit_title_hidden":false,"_editorskit_reading_time":1,"_editorskit_is_block_options_detached":false,"_editorskit_block_options_position":"{}","_kad_post_transparent":"","_kad_post_title":"","_kad_post_layout":"","_kad_post_sidebar_id":"","_kad_post_content_style":"","_kad_post_vertical_padding":"","_kad_post_feature":"","_kad_post_feature_position":"","_kad_post_header":false,"_kad_post_footer":false},"acf":[],"_links":{"self":[{"href":"https:\/\/web-pyme.cl\/prueba3\/wp-json\/wp\/v2\/pages\/313"}],"collection":[{"href":"https:\/\/web-pyme.cl\/prueba3\/wp-json\/wp\/v2\/pages"}],"about":[{"href":"https:\/\/web-pyme.cl\/prueba3\/wp-json\/wp\/v2\/types\/page"}],"author":[{"embeddable":true,"href":"https:\/\/web-pyme.cl\/prueba3\/wp-json\/wp\/v2\/users\/21"}],"replies":[{"embeddable":true,"href":"https:\/\/web-pyme.cl\/prueba3\/wp-json\/wp\/v2\/comments?post=313"}],"version-history":[{"count":14,"href":"https:\/\/web-pyme.cl\/prueba3\/wp-json\/wp\/v2\/pages\/313\/revisions"}],"predecessor-version":[{"id":952,"href":"https:\/\/web-pyme.cl\/prueba3\/wp-json\/wp\/v2\/pages\/313\/revisions\/952"}],"wp:attachment":[{"href":"https:\/\/web-pyme.cl\/prueba3\/wp-json\/wp\/v2\/media?parent=313"}],"curies":[{"name":"wp","href":"https:\/\/api.w.org\/{rel}","templated":true}]}}