{"id":940,"date":"2022-08-16T11:28:52","date_gmt":"2022-08-16T15:28:52","guid":{"rendered":"https:\/\/web-pyme.cl\/mandalas\/?post_type=product&#038;p=940"},"modified":"2022-08-23T16:25:59","modified_gmt":"2022-08-23T20:25:59","slug":"rompecabezas-1000-piezas-el-rey-leon","status":"publish","type":"product","link":"https:\/\/web-pyme.cl\/mandalas\/producto\/rompecabezas-1000-piezas-el-rey-leon\/","title":{"rendered":"Rompecabezas 1000 piezas El Rey Le\u00f3n"},"content":{"rendered":"<p>Puzzle de 1000 piezas edici\u00f3n coleccionista<\/p>\n","protected":false},"excerpt":{"rendered":"<p>\u00a1Celebra el c\u00edrculo de la vida con nuestro puzzle del Rey Le\u00f3n!<\/p>\n<p>\u00a1Una nueva vida para las Tierras de la Manada es sin duda motivo de celebraci\u00f3n! En nuestra interpretaci\u00f3n de esta escena de la pel\u00edcula animada de Disney de 1994, El Rey Le\u00f3n, Simba ha derrotado a su malvado t\u00edo, Scar, y las Tierras de la Manada vuelven a reverdecer con una vida vibrante. Todos los animales han acudido a rendir homenaje mientras Rafiki presenta al cachorro reci\u00e9n nacido de Simba y Nala, con Tim\u00f3n, Pumba, Rafiki e incluso el esp\u00edritu de Mufasa mirando. Es un momento de alegr\u00eda que completa el c\u00edrculo de la vida para cualquier fan de Disney.<\/p>\n<p>Este rompecabezas de 1.000 piezas, que forma parte de nuestra popular serie Disney Collector&#8217;s Edition, combina im\u00e1genes cautivadoras con piezas de corte limpio y el encaje perfecto de Ravensburger para una experiencia de rompecabezas de lo m\u00e1s placentera. \u00a1Cree momentos memorables con los rompecabezas premium de Ravensburger!<\/p>\n","protected":false},"featured_media":944,"comment_status":"open","ping_status":"closed","template":"","meta":{"_kad_post_transparent":"default","_kad_post_title":"","_kad_post_layout":"default","_kad_post_sidebar_id":"","_kad_post_content_style":"default","_kad_post_vertical_padding":"default","_kad_post_feature":"","_kad_post_feature_position":"","_kad_post_header":false,"_kad_post_footer":false},"location":[],"product_cat":[50],"product_tag":[],"class_list":["post-940","product","type-product","status-publish","has-post-thumbnail","hentry","pwb-brand-ravensburger","product_cat-rompecabezas","entry","content-bg","loop-entry"],"acf":[],"brands":[{"id":52,"name":"Ravensburger","slug":"ravensburger"}],"locations":[],"_links":{"self":[{"href":"https:\/\/web-pyme.cl\/mandalas\/wp-json\/wp\/v2\/product\/940","targetHints":{"allow":["GET"]}}],"collection":[{"href":"https:\/\/web-pyme.cl\/mandalas\/wp-json\/wp\/v2\/product"}],"about":[{"href":"https:\/\/web-pyme.cl\/mandalas\/wp-json\/wp\/v2\/types\/product"}],"replies":[{"embeddable":true,"href":"https:\/\/web-pyme.cl\/mandalas\/wp-json\/wp\/v2\/comments?post=940"}],"wp:featuredmedia":[{"embeddable":true,"href":"https:\/\/web-pyme.cl\/mandalas\/wp-json\/wp\/v2\/media\/944"}],"wp:attachment":[{"href":"https:\/\/web-pyme.cl\/mandalas\/wp-json\/wp\/v2\/media?parent=940"}],"wp:term":[{"taxonomy":"location","embeddable":true,"href":"https:\/\/web-pyme.cl\/mandalas\/wp-json\/wp\/v2\/location?post=940"},{"taxonomy":"product_cat","embeddable":true,"href":"https:\/\/web-pyme.cl\/mandalas\/wp-json\/wp\/v2\/product_cat?post=940"},{"taxonomy":"product_tag","embeddable":true,"href":"https:\/\/web-pyme.cl\/mandalas\/wp-json\/wp\/v2\/product_tag?post=940"}],"curies":[{"name":"wp","href":"https:\/\/api.w.org\/{rel}","templated":true}]}}