{"id":930,"date":"2022-08-16T11:00:51","date_gmt":"2022-08-16T15:00:51","guid":{"rendered":"https:\/\/web-pyme.cl\/mandalas\/?post_type=product&#038;p=930"},"modified":"2022-08-22T10:06:33","modified_gmt":"2022-08-22T14:06:33","slug":"cubo-rubik-de-2x2","status":"publish","type":"product","link":"https:\/\/web-pyme.cl\/mandalas\/producto\/cubo-rubik-de-2x2\/","title":{"rendered":"Cubo Rubik de 2&#215;2"},"content":{"rendered":"<ul>\n<li><strong>EL CUBO DE RUBIK ORIGINAL<\/strong>: No dejes que el tama\u00f1o del cubo de Rubik 2&#215;2 te enga\u00f1e: con m\u00e1s de 3,6 millones de permutaciones posibles y una sola soluci\u00f3n, este es un rompecabezas que te desafiar\u00e1 una y otra vez. Es perfecto para cualquier cubero de Rubik en ciernes.<br \/>\nDiversi\u00f3n sin fin: El cubo de Rubik original ha hecho las delicias de los jugadores durante generaciones. Este juguete inteligente proporciona interminables horas de diversi\u00f3n y es el regalo perfecto para los m\u00e1s j\u00f3venes y los nuevos entusiastas de los rompecabezas que pueden no estar listos para el desaf\u00edo completo de 3&#215;3 todav\u00eda.<\/li>\n<li><strong>JUEGO MEJORADO<\/strong>: El cubo de Rubik de 2x2x2 presenta un excelente corte de esquinas y se puede girar con facilidad. Cuenta con un mecanismo renovado para que sea m\u00e1s r\u00e1pido, m\u00e1s suave y m\u00e1s fiable que nunca.<\/li>\n<li><strong>JUGUETE DE PUZZLE DE TAMA\u00d1O DE BOLSILLO<\/strong>: M\u00e9talo en su bolso o bolsillo y ll\u00e9velo a cualquier parte. El cubo de bolsillo o mini cubo tiene 8 esquinas y funciona de la misma manera que su hermano mayor, el cl\u00e1sico cubo de Rubik de 3&#215;3. No lo dejes en tu escritorio ni te preguntes cu\u00e1ndo vas a encontrar tiempo para resolverlo, ll\u00e9valo contigo, \u00a1resuelve tu cubo de Rubik sobre la marcha!<\/li>\n<li><strong>SIN PEGATINAS<\/strong>: \u00bfHas o\u00eddo hablar de esa gente que despega pegatinas de su cubo de Rubik para resolverlo? \u00a1Aqu\u00ed no hay trampas! Las pegatinas tradicionales han sido sustituidas por material ABS original y ecol\u00f3gico, lo que significa que no se desvanece, no se despega y, lo m\u00e1s importante, no se hace trampa.<\/li>\n<\/ul>\n","protected":false},"excerpt":{"rendered":"<p>El cubo de Rubik es un cl\u00e1sico rompecabezas de colores que puede disfrutarse en casa o en movimiento. El cl\u00e1sico cubo de 2&#215;2 es un rompecabezas muy adictivo que ha fascinado a los aficionados de todo el mundo con su juego ic\u00f3nico. Tambi\u00e9n conocido como el cubo de bolsillo o mini cubo, no se deje enga\u00f1ar por el tama\u00f1o m\u00e1s peque\u00f1o del cubo, sigue siendo un reto con 3.674.160 permutaciones. El cubo de rompecabezas m\u00e1s peque\u00f1o cuenta con un mecanismo nuevo y mejorado que da como resultado un juego m\u00e1s suave, r\u00e1pido y fiable. El tiempo m\u00e1s r\u00e1pido para resolver el cubo de Rubik de 2&#215;2 fue de menos de 2 segundos: \u00a1desaf\u00edate e intenta batir ese r\u00e9cord! Atr\u00e1s han quedado los d\u00edas de los cubos de Rubik con pegatinas, los hemos sustituido por fichas de colores que nunca se caen, nunca se despegan y nunca se borran.<\/p>\n","protected":false},"featured_media":931,"comment_status":"open","ping_status":"closed","template":"","meta":{"_kad_post_transparent":"default","_kad_post_title":"","_kad_post_layout":"default","_kad_post_sidebar_id":"","_kad_post_content_style":"default","_kad_post_vertical_padding":"default","_kad_post_feature":"","_kad_post_feature_position":"","_kad_post_header":false,"_kad_post_footer":false},"location":[],"product_cat":[54],"product_tag":[],"class_list":["post-930","product","type-product","status-publish","has-post-thumbnail","hentry","pwb-brand-rubiks","product_cat-ingenio","pa_edad-recomendada-43","entry","content-bg","loop-entry"],"acf":[],"brands":[{"id":51,"name":"Rubik's","slug":"rubiks"}],"locations":[],"_links":{"self":[{"href":"https:\/\/web-pyme.cl\/mandalas\/wp-json\/wp\/v2\/product\/930","targetHints":{"allow":["GET"]}}],"collection":[{"href":"https:\/\/web-pyme.cl\/mandalas\/wp-json\/wp\/v2\/product"}],"about":[{"href":"https:\/\/web-pyme.cl\/mandalas\/wp-json\/wp\/v2\/types\/product"}],"replies":[{"embeddable":true,"href":"https:\/\/web-pyme.cl\/mandalas\/wp-json\/wp\/v2\/comments?post=930"}],"wp:featuredmedia":[{"embeddable":true,"href":"https:\/\/web-pyme.cl\/mandalas\/wp-json\/wp\/v2\/media\/931"}],"wp:attachment":[{"href":"https:\/\/web-pyme.cl\/mandalas\/wp-json\/wp\/v2\/media?parent=930"}],"wp:term":[{"taxonomy":"location","embeddable":true,"href":"https:\/\/web-pyme.cl\/mandalas\/wp-json\/wp\/v2\/location?post=930"},{"taxonomy":"product_cat","embeddable":true,"href":"https:\/\/web-pyme.cl\/mandalas\/wp-json\/wp\/v2\/product_cat?post=930"},{"taxonomy":"product_tag","embeddable":true,"href":"https:\/\/web-pyme.cl\/mandalas\/wp-json\/wp\/v2\/product_tag?post=930"}],"curies":[{"name":"wp","href":"https:\/\/api.w.org\/{rel}","templated":true}]}}