{"id":919,"date":"2022-08-16T10:51:14","date_gmt":"2022-08-16T14:51:14","guid":{"rendered":"https:\/\/web-pyme.cl\/mandalas\/?post_type=product&#038;p=919"},"modified":"2025-11-02T12:23:36","modified_gmt":"2025-11-02T15:23:36","slug":"cubo-rubik-de-3x3","status":"publish","type":"product","link":"https:\/\/web-pyme.cl\/mandalas\/producto\/cubo-rubik-de-3x3\/","title":{"rendered":"Cubo Rubik de 3&#215;3"},"content":{"rendered":"<ul>\n<li>EL CUBO DE RUBIK ORIGINAL: Una combinaci\u00f3n de matem\u00e1ticas, arte y ciencia: el ic\u00f3nico cubo de Rubik desaf\u00eda tu mente y tu capacidad para resolver problemas. El cl\u00e1sico cubo de Rubik de 3&#215;3 es el rompecabezas adictivo m\u00e1s conocido del mundo y ha fascinado a los aficionados desde su lanzamiento en 1980. Un verdadero icono.<\/li>\n<li>GIRAR, GIRAR Y REPETIR: El cubo de Rubik presenta seis caras de colores diferentes, cada una de ellas formada por nueve cuadrados. Una vez que las caras est\u00e1n desordenadas, tendr\u00e1s que girar y rotar el Cubo de Rubik hasta que cada una de las seis caras tenga un solo color.<\/li>\n<li>UN OBLIGADO PARA LOS AMANTES DEL PUZZLE: Este original cubo tiene 43.252.003.274.489.856.000 combinaciones, pero s\u00f3lo una soluci\u00f3n. \u00bfTienes lo que hay que tener para resolver el rompecabezas favorito del mundo?<\/li>\n<li>JUEGO MEJORADO: Todas las caracter\u00edsticas del cubo original pero con un juego m\u00e1s r\u00e1pido, suave y fiable. Se acabaron los frustrantes enganches y los saltos de n\u00facleo.<\/li>\n<li>JUEGO CL\u00c1SICO DE RESOLUCI\u00d3N DE PUZZLES: Este desafiante puzzle para ni\u00f1os es el mismo juguete retro que recuerdas de tu infancia. Ya sea que necesite un rompecabezas para estimular el cerebro, un juguete para inquietarse o para llenar la canasta de Pascua, este rompecabezas es su nuevo recurso.<\/li>\n<\/ul>\n","protected":false},"excerpt":{"rendered":"<p>El cubo de Rubik es un cl\u00e1sico rompecabezas de colores que puede disfrutarse en casa o en movimiento. El cl\u00e1sico cubo original de 3\u00d73 es un rompecabezas muy adictivo que ha fascinado a los aficionados de todo el mundo durante d\u00e9cadas. El cubo de Rubik tiene seis caras diferentes, cada una de ellas formada por nueve cuadrados de colores. Para los amantes de los rompecabezas, el objetivo es tratar de girar el cubo de Rubik a su estado original, con cada lado de un color s\u00f3lido. Hay&#8230; espera&#8230; 43.252.003.274.489.856.000 formas de ordenar los cuadrados, y s\u00f3lo una de ellas es la soluci\u00f3n. Gira y gira, \u00bfpuedes resolverlo? El nuevo y mejorado Cubo de Rubik cuenta con un mecanismo que permite un juego m\u00e1s suave, r\u00e1pido y fiable. Las tradicionales pegatinas se han sustituido por fichas de pl\u00e1stico, lo que significa que no se desvanecen, ni se pelan, ni se hacen trampas.<\/p>\n","protected":false},"featured_media":920,"comment_status":"open","ping_status":"closed","template":"","meta":{"_kad_post_transparent":"default","_kad_post_title":"","_kad_post_layout":"default","_kad_post_sidebar_id":"","_kad_post_content_style":"default","_kad_post_vertical_padding":"default","_kad_post_feature":"","_kad_post_feature_position":"","_kad_post_header":false,"_kad_post_footer":false},"location":[],"product_cat":[54],"product_tag":[],"class_list":["post-919","product","type-product","status-publish","has-post-thumbnail","hentry","pwb-brand-rubiks","product_cat-ingenio","pa_edad-recomendada-43","entry","content-bg","loop-entry"],"acf":[],"brands":[{"id":51,"name":"Rubik's","slug":"rubiks"}],"locations":[],"_links":{"self":[{"href":"https:\/\/web-pyme.cl\/mandalas\/wp-json\/wp\/v2\/product\/919","targetHints":{"allow":["GET"]}}],"collection":[{"href":"https:\/\/web-pyme.cl\/mandalas\/wp-json\/wp\/v2\/product"}],"about":[{"href":"https:\/\/web-pyme.cl\/mandalas\/wp-json\/wp\/v2\/types\/product"}],"replies":[{"embeddable":true,"href":"https:\/\/web-pyme.cl\/mandalas\/wp-json\/wp\/v2\/comments?post=919"}],"wp:featuredmedia":[{"embeddable":true,"href":"https:\/\/web-pyme.cl\/mandalas\/wp-json\/wp\/v2\/media\/920"}],"wp:attachment":[{"href":"https:\/\/web-pyme.cl\/mandalas\/wp-json\/wp\/v2\/media?parent=919"}],"wp:term":[{"taxonomy":"location","embeddable":true,"href":"https:\/\/web-pyme.cl\/mandalas\/wp-json\/wp\/v2\/location?post=919"},{"taxonomy":"product_cat","embeddable":true,"href":"https:\/\/web-pyme.cl\/mandalas\/wp-json\/wp\/v2\/product_cat?post=919"},{"taxonomy":"product_tag","embeddable":true,"href":"https:\/\/web-pyme.cl\/mandalas\/wp-json\/wp\/v2\/product_tag?post=919"}],"curies":[{"name":"wp","href":"https:\/\/api.w.org\/{rel}","templated":true}]}}