{"id":812,"date":"2022-04-19T14:56:32","date_gmt":"2022-04-19T18:56:32","guid":{"rendered":"https:\/\/web-pyme.cl\/mandalas\/?post_type=product&#038;p=812"},"modified":"2025-04-10T17:50:23","modified_gmt":"2025-04-10T21:50:23","slug":"avion-de-carreras","status":"publish","type":"product","link":"https:\/\/web-pyme.cl\/mandalas\/producto\/avion-de-carreras\/","title":{"rendered":"Avi\u00f3n de Carreras"},"content":{"rendered":"<p>Da vida al emocionante mundo de los aviones acrob\u00e1ticos con el Avi\u00f3n de Carreras LEGO\u00ae Technic (42117). Este regalo para ni\u00f1os y ni\u00f1as a partir de 7 a\u00f1os incluye detalles como una h\u00e9lice que gira cuando se empuja el avi\u00f3n, as\u00ed como cubiertas del motor abatibles. La llamativa combinaci\u00f3n de colores en turquesa y naranja, adem\u00e1s de los motivos gr\u00e1ficos del patrocinador, lo convierten en un fant\u00e1stico detalle de regalo para cualquier ocasi\u00f3n: \u00a1es como un avi\u00f3n de carreras de verdad!<\/p>\n<p>Maqueta \u201c2 en 1\u201d<br \/>\nEste avi\u00f3n de juguete se convierte en un avi\u00f3n a reacci\u00f3n para que los ni\u00f1os puedan seguir construyendo y pas\u00e1ndoselo genial. Ponerse manos a la obra es f\u00e1cil, ya que este set viene con Instructions PLUS. Disponible en la app gratuita Instrucciones de Montaje LEGO, esta gu\u00eda interactiva incluye herramientas de acercamiento y giro, adem\u00e1s del modo fantasma, para ayudar a los peques a construir solos.<\/p>\n<p>Horas de construcci\u00f3n creativa<br \/>\nEl universo LEGO Technic ofrece juguetes de construcci\u00f3n avanzados para j\u00f3venes fans de LEGO que est\u00e9n dispuestos a afrontar su pr\u00f3ximo desaf\u00edo. Con veh\u00edculos que se parecen a los de verdad y funcionan como ellos, estos sets ofrecen una magn\u00edfica introducci\u00f3n al mundo de la ingenier\u00eda y la mec\u00e1nica.<\/p>\n<ul>\n<li>Sorprende a tu aspirante a piloto regal\u00e1ndole el juguete LEGO\u00ae Technic Avi\u00f3n de Carreras (42117). Con sus vibrantes colores, motivos gr\u00e1ficos del patrocinador y h\u00e9lice giratoria, se parece a los de verdad.<\/li>\n<li>Incluye un mont\u00f3n de detalles por descubrir para ni\u00f1os que adoran los juguetes que vuelan. Echa un vistazo a las cubiertas del motor abatibles, al tren de aterrizaje y a la h\u00e9lice giratoria, y divi\u00e9rtete participando en carreras de aviones.<\/li>\n<li>A los peques les encantar\u00e1 construir esta resistente aeronave acrob\u00e1tica de juguete y, despu\u00e9s, convertirla en un avi\u00f3n a reacci\u00f3n para seguir divirti\u00e9ndose con creatividad.<\/li>\n<li>Es fant\u00e1stico como regalo sorpresa, de Navidad o de cumplea\u00f1os para ni\u00f1os a partir de 7 a\u00f1os con fascinaci\u00f3n por los aviones acrob\u00e1ticos de juguete.<\/li>\n<li>La maqueta Avi\u00f3n de Carreras mide aproximadamente 9 cm de altura (h\u00e9lice incluida), 18 cm de longitud y 23 cm de anchura.<\/li>\n<li>Instructions PLUS es una gu\u00eda interactiva que a\u00f1ade a\u00fan m\u00e1s diversi\u00f3n a la experiencia de construcci\u00f3n. Disponible en la app gratuita Instrucciones de Montaje LEGO\u00ae, cuenta con herramientas de acercamiento y giro para ayudar a los peques a construir solos.<\/li>\n<li>El universo LEGO\u00ae Technic ofrece juguetes de construcci\u00f3n avanzados para j\u00f3venes fans de LEGO que est\u00e9n dispuestos a afrontar su pr\u00f3ximo desaf\u00edo creativo.<\/li>\n<li>Los componentes LEGO\u00ae Technic cumplen las normas m\u00e1s estrictas del sector, por lo que ofrecen siempre las mismas cualidades, son compatibles entre s\u00ed y se conectan con firmeza una y otra vez; as\u00ed ha sido desde 1958.<\/li>\n<li>Los componentes LEGO\u00ae Technic se dejan caer, se calientan, se aplastan, se retuercen y se analizan para asegurarnos de que satisfagan los requisitos de las normas de seguridad internacionales m\u00e1s estrictas.<\/li>\n<\/ul>\n","protected":false},"excerpt":{"rendered":"<p>Da vida al emocionante mundo de los aviones acrob\u00e1ticos con el Avi\u00f3n de Carreras LEGO\u00ae Technic (42117). Este regalo para ni\u00f1os y ni\u00f1as a partir de 7 a\u00f1os incluye detalles como una h\u00e9lice que gira cuando se empuja el avi\u00f3n, as\u00ed como cubiertas del motor abatibles. La llamativa combinaci\u00f3n de colores en turquesa y naranja,&#8230;<\/p>\n","protected":false},"featured_media":813,"comment_status":"open","ping_status":"closed","template":"","meta":{"_kad_post_transparent":"default","_kad_post_title":"","_kad_post_layout":"default","_kad_post_sidebar_id":"","_kad_post_content_style":"default","_kad_post_vertical_padding":"default","_kad_post_feature":"","_kad_post_feature_position":"","_kad_post_header":false,"_kad_post_footer":false},"location":[],"product_cat":[48],"product_tag":[],"class_list":["post-812","product","type-product","status-publish","has-post-thumbnail","hentry","pwb-brand-lego","product_cat-technic","entry","content-bg","loop-entry"],"acf":[],"brands":[{"id":44,"name":"Lego","slug":"lego"}],"locations":[],"_links":{"self":[{"href":"https:\/\/web-pyme.cl\/mandalas\/wp-json\/wp\/v2\/product\/812","targetHints":{"allow":["GET"]}}],"collection":[{"href":"https:\/\/web-pyme.cl\/mandalas\/wp-json\/wp\/v2\/product"}],"about":[{"href":"https:\/\/web-pyme.cl\/mandalas\/wp-json\/wp\/v2\/types\/product"}],"replies":[{"embeddable":true,"href":"https:\/\/web-pyme.cl\/mandalas\/wp-json\/wp\/v2\/comments?post=812"}],"wp:featuredmedia":[{"embeddable":true,"href":"https:\/\/web-pyme.cl\/mandalas\/wp-json\/wp\/v2\/media\/813"}],"wp:attachment":[{"href":"https:\/\/web-pyme.cl\/mandalas\/wp-json\/wp\/v2\/media?parent=812"}],"wp:term":[{"taxonomy":"location","embeddable":true,"href":"https:\/\/web-pyme.cl\/mandalas\/wp-json\/wp\/v2\/location?post=812"},{"taxonomy":"product_cat","embeddable":true,"href":"https:\/\/web-pyme.cl\/mandalas\/wp-json\/wp\/v2\/product_cat?post=812"},{"taxonomy":"product_tag","embeddable":true,"href":"https:\/\/web-pyme.cl\/mandalas\/wp-json\/wp\/v2\/product_tag?post=812"}],"curies":[{"name":"wp","href":"https:\/\/api.w.org\/{rel}","templated":true}]}}