{"id":701,"date":"2022-04-15T16:29:40","date_gmt":"2022-04-15T20:29:40","guid":{"rendered":"https:\/\/web-pyme.cl\/mandalas\/?post_type=product&#038;p=701"},"modified":"2024-11-01T16:43:50","modified_gmt":"2024-11-01T19:43:50","slug":"avion-de-pasajeros","status":"publish","type":"product","link":"https:\/\/web-pyme.cl\/mandalas\/producto\/avion-de-pasajeros\/","title":{"rendered":"Avi\u00f3n de pasajeros"},"content":{"rendered":"<p>Los ni\u00f1os pueden lanzar el juego creativo hacia el cielo con este set de construcci\u00f3n Avi\u00f3n de pasajeros LEGO\u00ae City (60262), que incluye un enorme avi\u00f3n con asientos para las minifiguras del piloto y los pasajeros, incluida la cantante Poppy Starr de la serie de televisi\u00f3n LEGO City Adventures. Incluso hay espacio a bordo para el autom\u00f3vil rojo descapotable de Poppy. Los ni\u00f1os tambi\u00e9n obtienen un edificio terminal con cinta transportadora de equipaje y torre de control, adem\u00e1s de un cami\u00f3n de aeropuerto con un ascensor para veh\u00edculos.<\/p>\n<p>Un genial avi\u00f3n de juguete para ni\u00f1os<br \/>\nEl set de juego Avi\u00f3n de pasajeros LEGO City incluye una gu\u00eda de construcci\u00f3n f\u00e1cil de seguir e Instrucciones PLUS, que forma parte de la aplicaci\u00f3n gratuita Instrucciones de construcci\u00f3n LEGO para smartphones y tablets. Esta gu\u00eda de construcci\u00f3n interactiva con herramientas de zoom y rotaci\u00f3n ayuda a los constructores incipientes de LEGO a convertirse en maestros de la construcci\u00f3n.<br \/>\nEl creativo mundo de LEGO City<br \/>\nLos sets LEGO City Aeropuerto ofrecen una experiencia de construcci\u00f3n y juego muy divertida, con edificios realistas, fant\u00e1sticos veh\u00edculos de aeropuerto e incre\u00edbles modelos de aviones, adem\u00e1s de detallados accesorios y divertidos personajes que estimulan el juego de rol abierto y creativo.<\/p>\n<ul>\n<li>Este avi\u00f3n de pasajeros es una introducci\u00f3n ideal al apasionante mundo de LEGO\u00ae City. Perfecto para ni\u00f1os a partir de 6 a\u00f1os, est\u00e1 dise\u00f1ado para inspirar el juego creativo e independiente basado en hechos reales.<\/li>\n<li>\u00bfQu\u00e9 contiene la caja? Este juguete de avi\u00f3n de pasajeros incluye un avi\u00f3n de gran tama\u00f1o, un cami\u00f3n de aeropuerto con ascensor, un avi\u00f3n, un escenario de terminal de aeropuerto, un autom\u00f3vil rojo descapotable, 8 minifiguras y una figura de beb\u00e9.<\/li>\n<li>Incluye una maqueta de avi\u00f3n de gran tama\u00f1o con asientos para el piloto y minifiguras de pasajeros -entre ellas Poppy Starr, de la serie de televisi\u00f3n LEGO\u00ae City Adventures-, adem\u00e1s de un edificio terminal con cinta transportadora de equipaje y una torre de control.<\/li>\n<li>El set de construcci\u00f3n Avi\u00f3n de pasajeros LEGO\u00ae City (60262) es un magn\u00edfico regalo de cumplea\u00f1os o de cualquier otro d\u00eda para ni\u00f1os a partir de 6 a\u00f1os, y para ni\u00f1os y ni\u00f1as a los que les gusten los aviones de juguete y la emoci\u00f3n de volar a tierras lejanas.<\/li>\n<li>Una vez construido, el avi\u00f3n de pasajeros mide m\u00e1s de 18 cm de alto, 54 cm de largo y 44 cm de ancho, mientras que la terminal mide m\u00e1s de 21 cm de alto, 28 cm de ancho y 12 cm de profundidad.<\/li>\n<li>No se necesitan pilas: este juguete de construcci\u00f3n de aviones funciona gracias a los ni\u00f1os peque\u00f1os con gran imaginaci\u00f3n, \u00a1as\u00ed que el juego puede empezar de inmediato!<\/li>\n<li>Encuentra las instrucciones para este juego de construcci\u00f3n en la caja. O salta a la red para descargar las Instrucciones PLUS, que forman parte de la aplicaci\u00f3n gratuita Instrucciones de construcci\u00f3n LEGO\u00ae. Ampl\u00eda, gira y visualiza el modelo para dar vida al proceso de construcci\u00f3n.<\/li>\n<li>Los juguetes LEGO\u00ae City Airport ayudan a los ni\u00f1os a desarrollar sus habilidades f\u00edsicas y su confianza en s\u00ed mismos gracias a sus numerosos edificios, veh\u00edculos realistas y divertidos personajes que inspiran el juego abierto e independiente.<\/li>\n<li>Todos los sets de juego LEGO\u00ae City Airport cumplen los m\u00e1s altos est\u00e1ndares de la industria y los criterios de calidad para garantizar que todos los ladrillos y piezas LEGO sean consistentes, compatibles y se conecten y separen f\u00e1cilmente en todo momento.<\/li>\n<li>Los ladrillos y las piezas LEGO\u00ae se dejan caer, se calientan, se aplastan, se retuercen y se analizan para garantizar que todos los juegos de construcci\u00f3n para ni\u00f1os cumplen las normas de seguridad y calidad m\u00e1s estrictas del mundo.<\/li>\n<\/ul>\n","protected":false},"excerpt":{"rendered":"<p>Impresionante juguete de avi\u00f3n de pasajeros<\/p>\n<p>El juego creativo tomar\u00e1 vuelo con este impresionante juego de avi\u00f3n que incluye a la cantante de la serie de televisi\u00f3n LEGO City Adventures, Poppy Starr.<\/p>\n","protected":false},"featured_media":718,"comment_status":"open","ping_status":"closed","template":"","meta":{"_kad_post_transparent":"default","_kad_post_title":"","_kad_post_layout":"default","_kad_post_sidebar_id":"","_kad_post_content_style":"default","_kad_post_vertical_padding":"default","_kad_post_feature":"","_kad_post_feature_position":"","_kad_post_header":false,"_kad_post_footer":false},"location":[],"product_cat":[46],"product_tag":[],"class_list":["post-701","product","type-product","status-publish","has-post-thumbnail","hentry","pwb-brand-lego","product_cat-ciudad","pa_edad-recomendada-43","entry","content-bg","loop-entry"],"acf":[],"brands":[{"id":44,"name":"Lego","slug":"lego"}],"locations":[],"_links":{"self":[{"href":"https:\/\/web-pyme.cl\/mandalas\/wp-json\/wp\/v2\/product\/701","targetHints":{"allow":["GET"]}}],"collection":[{"href":"https:\/\/web-pyme.cl\/mandalas\/wp-json\/wp\/v2\/product"}],"about":[{"href":"https:\/\/web-pyme.cl\/mandalas\/wp-json\/wp\/v2\/types\/product"}],"replies":[{"embeddable":true,"href":"https:\/\/web-pyme.cl\/mandalas\/wp-json\/wp\/v2\/comments?post=701"}],"wp:featuredmedia":[{"embeddable":true,"href":"https:\/\/web-pyme.cl\/mandalas\/wp-json\/wp\/v2\/media\/718"}],"wp:attachment":[{"href":"https:\/\/web-pyme.cl\/mandalas\/wp-json\/wp\/v2\/media?parent=701"}],"wp:term":[{"taxonomy":"location","embeddable":true,"href":"https:\/\/web-pyme.cl\/mandalas\/wp-json\/wp\/v2\/location?post=701"},{"taxonomy":"product_cat","embeddable":true,"href":"https:\/\/web-pyme.cl\/mandalas\/wp-json\/wp\/v2\/product_cat?post=701"},{"taxonomy":"product_tag","embeddable":true,"href":"https:\/\/web-pyme.cl\/mandalas\/wp-json\/wp\/v2\/product_tag?post=701"}],"curies":[{"name":"wp","href":"https:\/\/api.w.org\/{rel}","templated":true}]}}