{"id":675,"date":"2021-11-25T19:03:24","date_gmt":"2021-11-25T22:03:24","guid":{"rendered":"https:\/\/web-pyme.cl\/mandalas\/?post_type=product&#038;p=675"},"modified":"2022-05-17T09:58:12","modified_gmt":"2022-05-17T13:58:12","slug":"pitufo-filosofo","status":"publish","type":"product","link":"https:\/\/web-pyme.cl\/mandalas\/producto\/pitufo-filosofo\/","title":{"rendered":"Pitufo Fil\u00f3sofo"},"content":{"rendered":"<p>Pitufo Fil\u00f3sofo lo sabe todo y pone de los nervios a los otros Pitufos con sus bienintencionados consejos. Por eso, a menudo, le mandan fuera de los l\u00edmites del pueblo. Sin embargo, los Pitufos le quieren porque Pitufo Fil\u00f3sofo puede ser muy cari\u00f1oso y altruista.<\/p>\n<h3>Dato divertido<\/h3>\n<p>Pitufo Fil\u00f3sofo ha llenado varios libros son sus propias citas. Pero nadie quiere leerlos.<\/p>\n","protected":false},"excerpt":{"rendered":"<p>Pitufo Fil\u00f3sofo lo sabe todo y pone de los nervios a los otros Pitufos con sus bienintencionados consejos. <\/p>\n","protected":false},"featured_media":676,"comment_status":"open","ping_status":"closed","template":"","meta":{"_kad_post_transparent":"default","_kad_post_title":"","_kad_post_layout":"default","_kad_post_sidebar_id":"","_kad_post_content_style":"default","_kad_post_vertical_padding":"default","_kad_post_feature":"","_kad_post_feature_position":"","_kad_post_header":false,"_kad_post_footer":false},"location":[],"product_cat":[41],"product_tag":[],"class_list":["post-675","product","type-product","status-publish","has-post-thumbnail","hentry","pwb-brand-schleich","product_cat-los-pitufos","pa_edad-recomendada-de-3-a-8-anos","entry","content-bg","loop-entry"],"acf":[],"brands":[{"id":36,"name":"Schleich","slug":"schleich"}],"locations":[],"_links":{"self":[{"href":"https:\/\/web-pyme.cl\/mandalas\/wp-json\/wp\/v2\/product\/675","targetHints":{"allow":["GET"]}}],"collection":[{"href":"https:\/\/web-pyme.cl\/mandalas\/wp-json\/wp\/v2\/product"}],"about":[{"href":"https:\/\/web-pyme.cl\/mandalas\/wp-json\/wp\/v2\/types\/product"}],"replies":[{"embeddable":true,"href":"https:\/\/web-pyme.cl\/mandalas\/wp-json\/wp\/v2\/comments?post=675"}],"wp:featuredmedia":[{"embeddable":true,"href":"https:\/\/web-pyme.cl\/mandalas\/wp-json\/wp\/v2\/media\/676"}],"wp:attachment":[{"href":"https:\/\/web-pyme.cl\/mandalas\/wp-json\/wp\/v2\/media?parent=675"}],"wp:term":[{"taxonomy":"location","embeddable":true,"href":"https:\/\/web-pyme.cl\/mandalas\/wp-json\/wp\/v2\/location?post=675"},{"taxonomy":"product_cat","embeddable":true,"href":"https:\/\/web-pyme.cl\/mandalas\/wp-json\/wp\/v2\/product_cat?post=675"},{"taxonomy":"product_tag","embeddable":true,"href":"https:\/\/web-pyme.cl\/mandalas\/wp-json\/wp\/v2\/product_tag?post=675"}],"curies":[{"name":"wp","href":"https:\/\/api.w.org\/{rel}","templated":true}]}}