{"id":673,"date":"2021-11-25T19:01:58","date_gmt":"2021-11-25T22:01:58","guid":{"rendered":"https:\/\/web-pyme.cl\/mandalas\/?post_type=product&#038;p=673"},"modified":"2022-05-16T13:38:09","modified_gmt":"2022-05-16T17:38:09","slug":"pitufo-con-letrero","status":"publish","type":"product","link":"https:\/\/web-pyme.cl\/mandalas\/producto\/pitufo-con-letrero\/","title":{"rendered":"Pitufo con letrero"},"content":{"rendered":"<p>El pitufo sonr\u00ede so\u00f1ador mientras te ofrece la nota. Te est\u00e1 mostrando de un modo muy especial lo mucho que te quiere.<\/p>\n<h3>Dato divertido<\/h3>\n<p>Cuando un pitufo te coge cari\u00f1o, ya nunca m\u00e1s se olvidar\u00e1 de ti.<\/p>\n<p>Las figuras de Schleich\u00ae est\u00e1n modeladas al detalle y son juguetes con un gran valor educativo.<\/p>\n","protected":false},"excerpt":{"rendered":"<p>Un pitufo dice m\u00e1s que mil palabras: I LOVE YOU <\/p>\n","protected":false},"featured_media":674,"comment_status":"open","ping_status":"closed","template":"","meta":{"_kad_post_transparent":"default","_kad_post_title":"","_kad_post_layout":"default","_kad_post_sidebar_id":"","_kad_post_content_style":"default","_kad_post_vertical_padding":"default","_kad_post_feature":"","_kad_post_feature_position":"","_kad_post_header":false,"_kad_post_footer":false},"location":[],"product_cat":[41],"product_tag":[],"class_list":["post-673","product","type-product","status-publish","has-post-thumbnail","hentry","pwb-brand-schleich","product_cat-los-pitufos","pa_edad-recomendada-de-3-a-8-anos","entry","content-bg","loop-entry"],"acf":[],"brands":[{"id":36,"name":"Schleich","slug":"schleich"}],"locations":[],"_links":{"self":[{"href":"https:\/\/web-pyme.cl\/mandalas\/wp-json\/wp\/v2\/product\/673","targetHints":{"allow":["GET"]}}],"collection":[{"href":"https:\/\/web-pyme.cl\/mandalas\/wp-json\/wp\/v2\/product"}],"about":[{"href":"https:\/\/web-pyme.cl\/mandalas\/wp-json\/wp\/v2\/types\/product"}],"replies":[{"embeddable":true,"href":"https:\/\/web-pyme.cl\/mandalas\/wp-json\/wp\/v2\/comments?post=673"}],"wp:featuredmedia":[{"embeddable":true,"href":"https:\/\/web-pyme.cl\/mandalas\/wp-json\/wp\/v2\/media\/674"}],"wp:attachment":[{"href":"https:\/\/web-pyme.cl\/mandalas\/wp-json\/wp\/v2\/media?parent=673"}],"wp:term":[{"taxonomy":"location","embeddable":true,"href":"https:\/\/web-pyme.cl\/mandalas\/wp-json\/wp\/v2\/location?post=673"},{"taxonomy":"product_cat","embeddable":true,"href":"https:\/\/web-pyme.cl\/mandalas\/wp-json\/wp\/v2\/product_cat?post=673"},{"taxonomy":"product_tag","embeddable":true,"href":"https:\/\/web-pyme.cl\/mandalas\/wp-json\/wp\/v2\/product_tag?post=673"}],"curies":[{"name":"wp","href":"https:\/\/api.w.org\/{rel}","templated":true}]}}