{"id":658,"date":"2021-11-25T18:51:52","date_gmt":"2021-11-25T21:51:52","guid":{"rendered":"https:\/\/web-pyme.cl\/mandalas\/?post_type=product&#038;p=658"},"modified":"2024-02-16T17:51:37","modified_gmt":"2024-02-16T20:51:37","slug":"papa-pitufo","status":"publish","type":"product","link":"https:\/\/web-pyme.cl\/mandalas\/producto\/papa-pitufo\/","title":{"rendered":"Pap\u00e1 Pitufo"},"content":{"rendered":"<p>Pap\u00e1 Pitufo es el jefe de los Pitufos. Es el \u00fanico que tiene barba larga y blanca y gorro y pantalones rojos. Si algo va mal, los Pitufos acuden a \u00e9l a por consejos porque siempre pueden confiar en \u00e9l. Con su sabidur\u00eda y conocimiento de magia, siempre protege a Los Pitufos de todo tipo de peligros.<\/p>\n<h3>Dato divertido<\/h3>\n<p>Cuando sus setas chantarelas crecen en el bosque, es el cumplea\u00f1os de Pap\u00e1 Pitufo.<\/p>\n","protected":false},"excerpt":{"rendered":"<p>Pap\u00e1 Pitufo es el jefe de los Pitufos.<\/p>\n","protected":false},"featured_media":659,"comment_status":"open","ping_status":"closed","template":"","meta":{"_kad_post_transparent":"default","_kad_post_title":"","_kad_post_layout":"default","_kad_post_sidebar_id":"","_kad_post_content_style":"default","_kad_post_vertical_padding":"default","_kad_post_feature":"","_kad_post_feature_position":"","_kad_post_header":false,"_kad_post_footer":false},"location":[],"product_cat":[41],"product_tag":[],"class_list":["post-658","product","type-product","status-publish","has-post-thumbnail","hentry","pwb-brand-schleich","product_cat-los-pitufos","pa_edad-recomendada-de-3-a-8-anos","entry","content-bg","loop-entry"],"acf":[],"brands":[{"id":36,"name":"Schleich","slug":"schleich"}],"locations":[],"_links":{"self":[{"href":"https:\/\/web-pyme.cl\/mandalas\/wp-json\/wp\/v2\/product\/658","targetHints":{"allow":["GET"]}}],"collection":[{"href":"https:\/\/web-pyme.cl\/mandalas\/wp-json\/wp\/v2\/product"}],"about":[{"href":"https:\/\/web-pyme.cl\/mandalas\/wp-json\/wp\/v2\/types\/product"}],"replies":[{"embeddable":true,"href":"https:\/\/web-pyme.cl\/mandalas\/wp-json\/wp\/v2\/comments?post=658"}],"wp:featuredmedia":[{"embeddable":true,"href":"https:\/\/web-pyme.cl\/mandalas\/wp-json\/wp\/v2\/media\/659"}],"wp:attachment":[{"href":"https:\/\/web-pyme.cl\/mandalas\/wp-json\/wp\/v2\/media?parent=658"}],"wp:term":[{"taxonomy":"location","embeddable":true,"href":"https:\/\/web-pyme.cl\/mandalas\/wp-json\/wp\/v2\/location?post=658"},{"taxonomy":"product_cat","embeddable":true,"href":"https:\/\/web-pyme.cl\/mandalas\/wp-json\/wp\/v2\/product_cat?post=658"},{"taxonomy":"product_tag","embeddable":true,"href":"https:\/\/web-pyme.cl\/mandalas\/wp-json\/wp\/v2\/product_tag?post=658"}],"curies":[{"name":"wp","href":"https:\/\/api.w.org\/{rel}","templated":true}]}}