{"id":656,"date":"2021-11-25T15:43:07","date_gmt":"2021-11-25T18:43:07","guid":{"rendered":"https:\/\/web-pyme.cl\/mandalas\/?post_type=product&#038;p=656"},"modified":"2022-05-16T13:38:09","modified_gmt":"2022-05-16T17:38:09","slug":"pitufo-con-corazon","status":"publish","type":"product","link":"https:\/\/web-pyme.cl\/mandalas\/producto\/pitufo-con-corazon\/","title":{"rendered":"Pitufo con coraz\u00f3n"},"content":{"rendered":"<p>El Pitufo sonr\u00ede, est\u00e1 enamorado, mientras hace aparecer un coraz\u00f3n en su espalda. Lo extiende felizmente para decirte: \u00bfTe pitufea mi coraz\u00f3n? \u00bfLo quieres? El Pitufo estar\u00eda muy contento si t\u00fa lo estuvieras.<br \/>\nDato divertido<\/p>\n<p>Los Pitufos desprenden amor hacia todas las criaturas vivientes.<\/p>\n","protected":false},"excerpt":{"rendered":"<p>El Pitufo sonr\u00ede, est\u00e1 enamorado, mientras hace aparecer un coraz\u00f3n en su espalda. <\/p>\n","protected":false},"featured_media":657,"comment_status":"open","ping_status":"closed","template":"","meta":{"_kad_post_transparent":"default","_kad_post_title":"","_kad_post_layout":"default","_kad_post_sidebar_id":"","_kad_post_content_style":"default","_kad_post_vertical_padding":"default","_kad_post_feature":"","_kad_post_feature_position":"","_kad_post_header":false,"_kad_post_footer":false},"location":[],"product_cat":[41],"product_tag":[],"class_list":["post-656","product","type-product","status-publish","has-post-thumbnail","hentry","pwb-brand-schleich","product_cat-los-pitufos","pa_edad-recomendada-de-3-a-8-anos","entry","content-bg","loop-entry"],"acf":[],"brands":[{"id":36,"name":"Schleich","slug":"schleich"}],"locations":[],"_links":{"self":[{"href":"https:\/\/web-pyme.cl\/mandalas\/wp-json\/wp\/v2\/product\/656","targetHints":{"allow":["GET"]}}],"collection":[{"href":"https:\/\/web-pyme.cl\/mandalas\/wp-json\/wp\/v2\/product"}],"about":[{"href":"https:\/\/web-pyme.cl\/mandalas\/wp-json\/wp\/v2\/types\/product"}],"replies":[{"embeddable":true,"href":"https:\/\/web-pyme.cl\/mandalas\/wp-json\/wp\/v2\/comments?post=656"}],"wp:featuredmedia":[{"embeddable":true,"href":"https:\/\/web-pyme.cl\/mandalas\/wp-json\/wp\/v2\/media\/657"}],"wp:attachment":[{"href":"https:\/\/web-pyme.cl\/mandalas\/wp-json\/wp\/v2\/media?parent=656"}],"wp:term":[{"taxonomy":"location","embeddable":true,"href":"https:\/\/web-pyme.cl\/mandalas\/wp-json\/wp\/v2\/location?post=656"},{"taxonomy":"product_cat","embeddable":true,"href":"https:\/\/web-pyme.cl\/mandalas\/wp-json\/wp\/v2\/product_cat?post=656"},{"taxonomy":"product_tag","embeddable":true,"href":"https:\/\/web-pyme.cl\/mandalas\/wp-json\/wp\/v2\/product_tag?post=656"}],"curies":[{"name":"wp","href":"https:\/\/api.w.org\/{rel}","templated":true}]}}