{"id":654,"date":"2021-11-25T15:24:22","date_gmt":"2021-11-25T18:24:22","guid":{"rendered":"https:\/\/web-pyme.cl\/mandalas\/?post_type=product&#038;p=654"},"modified":"2022-05-16T13:38:10","modified_gmt":"2022-05-16T17:38:10","slug":"pitufo-futbolista-arbitro","status":"publish","type":"product","link":"https:\/\/web-pyme.cl\/mandalas\/producto\/pitufo-futbolista-arbitro\/","title":{"rendered":"Pitufo futbolista, \u00e1rbitro"},"content":{"rendered":"<p>El Pitufo \u00c1rbitro sopla el silbato lo m\u00e1s fuerte posible. \u00a1Qu\u00e9 falta m\u00e1s fea! No le queda otra opci\u00f3n que sacar una tarjeta amarilla al futbolista que ha hecho la falta. Si vuelve a pasar le tendr\u00e1 que expulsar. Al Pitufo \u00c1rbitro le encanta su trabajo. Se asegura de que los jugadores jueguen limpio y si alguno rompe las normas ya sabe cu\u00e1l es el resultado. Podr\u00eda tambi\u00e9n pitar un penalti. Nuestro \u00e1rbitro de piel azul lo observa y lo ve todo.<br \/>\nDato divertido<\/p>\n<p>Est\u00e1n pintadas a mano y se crean poniendo atenci\u00f3n a cada detalle.<\/p>\n","protected":false},"excerpt":{"rendered":"<p>El Pitufo \u00c1rbitro sopla el silbato lo m\u00e1s fuerte posible. \u00a1Qu\u00e9 falta m\u00e1s fea! Concede un tiro indirecto y saca una targeta amarilla. <\/p>\n","protected":false},"featured_media":655,"comment_status":"open","ping_status":"closed","template":"","meta":{"_kad_post_transparent":"default","_kad_post_title":"","_kad_post_layout":"default","_kad_post_sidebar_id":"","_kad_post_content_style":"default","_kad_post_vertical_padding":"default","_kad_post_feature":"","_kad_post_feature_position":"","_kad_post_header":false,"_kad_post_footer":false},"location":[],"product_cat":[41],"product_tag":[],"class_list":["post-654","product","type-product","status-publish","has-post-thumbnail","hentry","pwb-brand-schleich","product_cat-los-pitufos","pa_edad-recomendada-de-3-a-8-anos","entry","content-bg","loop-entry"],"acf":[],"brands":[{"id":36,"name":"Schleich","slug":"schleich"}],"locations":[],"_links":{"self":[{"href":"https:\/\/web-pyme.cl\/mandalas\/wp-json\/wp\/v2\/product\/654","targetHints":{"allow":["GET"]}}],"collection":[{"href":"https:\/\/web-pyme.cl\/mandalas\/wp-json\/wp\/v2\/product"}],"about":[{"href":"https:\/\/web-pyme.cl\/mandalas\/wp-json\/wp\/v2\/types\/product"}],"replies":[{"embeddable":true,"href":"https:\/\/web-pyme.cl\/mandalas\/wp-json\/wp\/v2\/comments?post=654"}],"wp:featuredmedia":[{"embeddable":true,"href":"https:\/\/web-pyme.cl\/mandalas\/wp-json\/wp\/v2\/media\/655"}],"wp:attachment":[{"href":"https:\/\/web-pyme.cl\/mandalas\/wp-json\/wp\/v2\/media?parent=654"}],"wp:term":[{"taxonomy":"location","embeddable":true,"href":"https:\/\/web-pyme.cl\/mandalas\/wp-json\/wp\/v2\/location?post=654"},{"taxonomy":"product_cat","embeddable":true,"href":"https:\/\/web-pyme.cl\/mandalas\/wp-json\/wp\/v2\/product_cat?post=654"},{"taxonomy":"product_tag","embeddable":true,"href":"https:\/\/web-pyme.cl\/mandalas\/wp-json\/wp\/v2\/product_tag?post=654"}],"curies":[{"name":"wp","href":"https:\/\/api.w.org\/{rel}","templated":true}]}}