{"id":642,"date":"2021-11-25T15:03:41","date_gmt":"2021-11-25T18:03:41","guid":{"rendered":"https:\/\/web-pyme.cl\/mandalas\/?post_type=product&#038;p=642"},"modified":"2022-05-16T13:38:10","modified_gmt":"2022-05-16T17:38:10","slug":"pitufo-futbolista-con-pelota","status":"publish","type":"product","link":"https:\/\/web-pyme.cl\/mandalas\/producto\/pitufo-futbolista-con-pelota\/","title":{"rendered":"Pitufo futbolista con pelota"},"content":{"rendered":"<p>Nuestro Pitufo Futbolista, din\u00e1mico y decidido, ataca. Est\u00e1 decidido a marcar el gol de la victoria. Regatea con elegancia, mantiene el bal\u00f3n pegado a los pies, y esquiva a los defensas del equipo contrario como si fueran simples postes de slalom. Coloca la pelota, su objetivo es marcar por el extremo superior y chuta. \u00a1Gol! \u00a1Gol! \u00a1Gol! El p\u00fablico anima y los otros jugadores pitufos abrazan a su delantero estrella. Con una estrella de piel azul as\u00ed la victoria est\u00e1 garantizada y los Pitufos podr\u00edan incluso proclamarse campeones del mundo al final del campeonato.<br \/>\nDato divertido<\/p>\n<p>Los pitufos rivales reclaman que lleva un im\u00e1n en las botas. \u00bfExisten esas cosas?<\/p>\n","protected":false},"excerpt":{"rendered":"<p>Nuestro Pitufo Futbolista, din\u00e1mico y decidido, ataca. Est\u00e1 decidido a marcar un gol. Se concentra, chuta y da en el clavo. \u00a1Gol! \u00a1Si \u00e9l y su equipo contin\u00faa jugando as\u00ed los Pitufos podr\u00edan proclamarse campeones mundiales!<\/p>\n","protected":false},"featured_media":643,"comment_status":"open","ping_status":"closed","template":"","meta":{"_kad_post_transparent":"default","_kad_post_title":"","_kad_post_layout":"default","_kad_post_sidebar_id":"","_kad_post_content_style":"default","_kad_post_vertical_padding":"default","_kad_post_feature":"","_kad_post_feature_position":"","_kad_post_header":false,"_kad_post_footer":false},"location":[],"product_cat":[41],"product_tag":[],"class_list":["post-642","product","type-product","status-publish","has-post-thumbnail","hentry","pwb-brand-schleich","product_cat-los-pitufos","pa_edad-recomendada-de-3-a-8-anos","entry","content-bg","loop-entry"],"acf":[],"brands":[{"id":36,"name":"Schleich","slug":"schleich"}],"locations":[],"_links":{"self":[{"href":"https:\/\/web-pyme.cl\/mandalas\/wp-json\/wp\/v2\/product\/642","targetHints":{"allow":["GET"]}}],"collection":[{"href":"https:\/\/web-pyme.cl\/mandalas\/wp-json\/wp\/v2\/product"}],"about":[{"href":"https:\/\/web-pyme.cl\/mandalas\/wp-json\/wp\/v2\/types\/product"}],"replies":[{"embeddable":true,"href":"https:\/\/web-pyme.cl\/mandalas\/wp-json\/wp\/v2\/comments?post=642"}],"wp:featuredmedia":[{"embeddable":true,"href":"https:\/\/web-pyme.cl\/mandalas\/wp-json\/wp\/v2\/media\/643"}],"wp:attachment":[{"href":"https:\/\/web-pyme.cl\/mandalas\/wp-json\/wp\/v2\/media?parent=642"}],"wp:term":[{"taxonomy":"location","embeddable":true,"href":"https:\/\/web-pyme.cl\/mandalas\/wp-json\/wp\/v2\/location?post=642"},{"taxonomy":"product_cat","embeddable":true,"href":"https:\/\/web-pyme.cl\/mandalas\/wp-json\/wp\/v2\/product_cat?post=642"},{"taxonomy":"product_tag","embeddable":true,"href":"https:\/\/web-pyme.cl\/mandalas\/wp-json\/wp\/v2\/product_tag?post=642"}],"curies":[{"name":"wp","href":"https:\/\/api.w.org\/{rel}","templated":true}]}}