{"id":638,"date":"2021-11-25T14:59:40","date_gmt":"2021-11-25T17:59:40","guid":{"rendered":"https:\/\/web-pyme.cl\/mandalas\/?post_type=product&#038;p=638"},"modified":"2022-08-08T13:34:43","modified_gmt":"2022-08-08T17:34:43","slug":"pitufo-futbolista-portero","status":"publish","type":"product","link":"https:\/\/web-pyme.cl\/mandalas\/producto\/pitufo-futbolista-portero\/","title":{"rendered":"Pitufo futbolista, portero"},"content":{"rendered":"<p>El Pitufo Portero sujeta fuerte el bal\u00f3n con ambas manos. Preferir\u00eda no soltarlo nunca. Pero claro, eso no puede hacerlo. As\u00ed que da un fuerte puntapi\u00e9 y manda el bal\u00f3n al campo contrario donde sus compa\u00f1eros esperan para marcar un gol. Ha hecho varias paradas en este partido y sus incre\u00edbles paradas desesperan a los delanteros del equipo rival. Es as\u00ed de simple, no deja que entre ning\u00fan bal\u00f3n a porter\u00eda, por muy bueno que sea el chute.<br \/>\nDato divertido<\/p>\n<p>El portero escupe en sus guantes para sujetar mejor el bal\u00f3n. \u00a1Puaj!<\/p>\n","protected":false},"excerpt":{"rendered":"<p>El Pitufo Portero sujeta fuerte el bal\u00f3n con ambas manos. Sus paradas desesperan a los rivales. Un portero que simplemente no deja que entre ning\u00fan bal\u00f3n en la porter\u00eda. Con un pitufo as\u00ed se pueden ganar partidos y campeonatos.<\/p>\n","protected":false},"featured_media":639,"comment_status":"open","ping_status":"closed","template":"","meta":{"_kad_post_transparent":"default","_kad_post_title":"","_kad_post_layout":"default","_kad_post_sidebar_id":"","_kad_post_content_style":"default","_kad_post_vertical_padding":"default","_kad_post_feature":"","_kad_post_feature_position":"","_kad_post_header":false,"_kad_post_footer":false},"location":[],"product_cat":[41],"product_tag":[],"class_list":["post-638","product","type-product","status-publish","has-post-thumbnail","hentry","pwb-brand-schleich","product_cat-los-pitufos","pa_edad-recomendada-de-3-a-8-anos","entry","content-bg","loop-entry"],"acf":[],"brands":[{"id":36,"name":"Schleich","slug":"schleich"}],"locations":[],"_links":{"self":[{"href":"https:\/\/web-pyme.cl\/mandalas\/wp-json\/wp\/v2\/product\/638","targetHints":{"allow":["GET"]}}],"collection":[{"href":"https:\/\/web-pyme.cl\/mandalas\/wp-json\/wp\/v2\/product"}],"about":[{"href":"https:\/\/web-pyme.cl\/mandalas\/wp-json\/wp\/v2\/types\/product"}],"replies":[{"embeddable":true,"href":"https:\/\/web-pyme.cl\/mandalas\/wp-json\/wp\/v2\/comments?post=638"}],"wp:featuredmedia":[{"embeddable":true,"href":"https:\/\/web-pyme.cl\/mandalas\/wp-json\/wp\/v2\/media\/639"}],"wp:attachment":[{"href":"https:\/\/web-pyme.cl\/mandalas\/wp-json\/wp\/v2\/media?parent=638"}],"wp:term":[{"taxonomy":"location","embeddable":true,"href":"https:\/\/web-pyme.cl\/mandalas\/wp-json\/wp\/v2\/location?post=638"},{"taxonomy":"product_cat","embeddable":true,"href":"https:\/\/web-pyme.cl\/mandalas\/wp-json\/wp\/v2\/product_cat?post=638"},{"taxonomy":"product_tag","embeddable":true,"href":"https:\/\/web-pyme.cl\/mandalas\/wp-json\/wp\/v2\/product_tag?post=638"}],"curies":[{"name":"wp","href":"https:\/\/api.w.org\/{rel}","templated":true}]}}