{"id":611,"date":"2021-11-25T12:50:23","date_gmt":"2021-11-25T15:50:23","guid":{"rendered":"https:\/\/web-pyme.cl\/mandalas\/?post_type=product&#038;p=611"},"modified":"2022-05-16T13:38:10","modified_gmt":"2022-05-16T17:38:10","slug":"utahraptor","status":"publish","type":"product","link":"https:\/\/web-pyme.cl\/mandalas\/producto\/utahraptor\/","title":{"rendered":"Utahraptor"},"content":{"rendered":"<p>El Utahraptor era un depredador r\u00e1pido y \u00e1gil que cazaba dinosaurios herb\u00edvoros. En el segundo dedo de su pata trasera ten\u00eda una garra extraordinariamente larga en forma de hoz. Probablemente le ayudaba a atrapar presas como el Iguanodon.<br \/>\nDato divertido<\/p>\n<p>Las garras en forma de hoz de las patas traseras del Utahraptor llegaban a medir m\u00e1s de 22 cent\u00edmetros de largo.<\/p>\n<h3>Hechos cient\u00edficos<\/h3>\n<p>Nombre cient\u00edfico: Utahraptor<br \/>\nOrigen global: Am\u00e9rica<br \/>\nEstado de conservaci\u00f3n: Extinto<\/p>\n<p><strong>Advertencia! Las piezas peque\u00f1as pueden ser ingeridas. Peligro de asfixia. Conserve las indicaciones.<\/strong><\/p>\n<p>&nbsp;<\/p>\n","protected":false},"excerpt":{"rendered":"<p>El Utahraptor era un depredador r\u00e1pido y \u00e1gil que cazaba dinosaurios herb\u00edvoros.<\/p>\n","protected":false},"featured_media":612,"comment_status":"open","ping_status":"closed","template":"","meta":{"_kad_post_transparent":"default","_kad_post_title":"","_kad_post_layout":"default","_kad_post_sidebar_id":"","_kad_post_content_style":"default","_kad_post_vertical_padding":"default","_kad_post_feature":"","_kad_post_feature_position":"","_kad_post_header":false,"_kad_post_footer":false},"location":[],"product_cat":[40],"product_tag":[],"class_list":["post-611","product","type-product","status-publish","has-post-thumbnail","hentry","pwb-brand-schleich","product_cat-dinosaurios","pa_edad-recomendada-de-4-a-12-anos","entry","content-bg","loop-entry"],"acf":[],"brands":[{"id":36,"name":"Schleich","slug":"schleich"}],"locations":[],"_links":{"self":[{"href":"https:\/\/web-pyme.cl\/mandalas\/wp-json\/wp\/v2\/product\/611","targetHints":{"allow":["GET"]}}],"collection":[{"href":"https:\/\/web-pyme.cl\/mandalas\/wp-json\/wp\/v2\/product"}],"about":[{"href":"https:\/\/web-pyme.cl\/mandalas\/wp-json\/wp\/v2\/types\/product"}],"replies":[{"embeddable":true,"href":"https:\/\/web-pyme.cl\/mandalas\/wp-json\/wp\/v2\/comments?post=611"}],"wp:featuredmedia":[{"embeddable":true,"href":"https:\/\/web-pyme.cl\/mandalas\/wp-json\/wp\/v2\/media\/612"}],"wp:attachment":[{"href":"https:\/\/web-pyme.cl\/mandalas\/wp-json\/wp\/v2\/media?parent=611"}],"wp:term":[{"taxonomy":"location","embeddable":true,"href":"https:\/\/web-pyme.cl\/mandalas\/wp-json\/wp\/v2\/location?post=611"},{"taxonomy":"product_cat","embeddable":true,"href":"https:\/\/web-pyme.cl\/mandalas\/wp-json\/wp\/v2\/product_cat?post=611"},{"taxonomy":"product_tag","embeddable":true,"href":"https:\/\/web-pyme.cl\/mandalas\/wp-json\/wp\/v2\/product_tag?post=611"}],"curies":[{"name":"wp","href":"https:\/\/api.w.org\/{rel}","templated":true}]}}