{"id":599,"date":"2021-11-25T12:46:30","date_gmt":"2021-11-25T15:46:30","guid":{"rendered":"https:\/\/web-pyme.cl\/mandalas\/?post_type=product&#038;p=599"},"modified":"2022-05-16T13:38:10","modified_gmt":"2022-05-16T17:38:10","slug":"juego-complementario-vallado","status":"publish","type":"product","link":"https:\/\/web-pyme.cl\/mandalas\/producto\/juego-complementario-vallado\/","title":{"rendered":"Juego complementario \u00abVallado\u00bb"},"content":{"rendered":"<p>Gracias al dise\u00f1o especial de las vallas del set de Schleich\u00ae DINOSAURS, tambi\u00e9n es posible acoplarlas directamente a la gran estaci\u00f3n de investigaci\u00f3n de dinosaurios (Ref.: 41462). Esto permite aumentar el tama\u00f1o del cercado y dar cabida a m\u00e1s dinosaurios.<br \/>\nDato divertido<\/p>\n<ul>\n<li>El set de vallas es ideal para los herb\u00edvoros y carn\u00edvoros de Schleich\u00ae.<\/li>\n<li>Las figuras de Schleich\u00ae est\u00e1n modeladas al detalle y son juguetes con un gran valor educativo.<\/li>\n<li>El art\u00edculo pertenece al universo tem\u00e1tico DINOSAURS y es apto para ni\u00f1os de entre 4 y 10 a\u00f1os<\/li>\n<\/ul>\n<h3>Contenido<\/h3>\n<p>1 puerta, 2 elementos de uni\u00f3n, 3 vallas<\/p>\n<p><strong>Advertencia! Las piezas peque\u00f1as pueden ser ingeridas. Peligro de asfixia.<\/strong><\/p>\n","protected":false},"excerpt":{"rendered":"<p>El set de vallas de Schleich\u00ae DINOSAURS puede utilizarse por separado o para complementar el cercado de la gran estaci\u00f3n de investigaci\u00f3n de dinosaurios (Ref.: 41462).<\/p>\n","protected":false},"featured_media":610,"comment_status":"open","ping_status":"closed","template":"","meta":{"_kad_post_transparent":"default","_kad_post_title":"","_kad_post_layout":"default","_kad_post_sidebar_id":"","_kad_post_content_style":"default","_kad_post_vertical_padding":"default","_kad_post_feature":"","_kad_post_feature_position":"","_kad_post_header":false,"_kad_post_footer":false},"location":[],"product_cat":[40],"product_tag":[],"class_list":["post-599","product","type-product","status-publish","has-post-thumbnail","hentry","pwb-brand-schleich","product_cat-dinosaurios","pa_edad-recomendada-de-4-a-12-anos","entry","content-bg","loop-entry"],"acf":[],"brands":[{"id":36,"name":"Schleich","slug":"schleich"}],"locations":[],"_links":{"self":[{"href":"https:\/\/web-pyme.cl\/mandalas\/wp-json\/wp\/v2\/product\/599","targetHints":{"allow":["GET"]}}],"collection":[{"href":"https:\/\/web-pyme.cl\/mandalas\/wp-json\/wp\/v2\/product"}],"about":[{"href":"https:\/\/web-pyme.cl\/mandalas\/wp-json\/wp\/v2\/types\/product"}],"replies":[{"embeddable":true,"href":"https:\/\/web-pyme.cl\/mandalas\/wp-json\/wp\/v2\/comments?post=599"}],"wp:featuredmedia":[{"embeddable":true,"href":"https:\/\/web-pyme.cl\/mandalas\/wp-json\/wp\/v2\/media\/610"}],"wp:attachment":[{"href":"https:\/\/web-pyme.cl\/mandalas\/wp-json\/wp\/v2\/media?parent=599"}],"wp:term":[{"taxonomy":"location","embeddable":true,"href":"https:\/\/web-pyme.cl\/mandalas\/wp-json\/wp\/v2\/location?post=599"},{"taxonomy":"product_cat","embeddable":true,"href":"https:\/\/web-pyme.cl\/mandalas\/wp-json\/wp\/v2\/product_cat?post=599"},{"taxonomy":"product_tag","embeddable":true,"href":"https:\/\/web-pyme.cl\/mandalas\/wp-json\/wp\/v2\/product_tag?post=599"}],"curies":[{"name":"wp","href":"https:\/\/api.w.org\/{rel}","templated":true}]}}