{"id":583,"date":"2021-11-25T12:38:53","date_gmt":"2021-11-25T15:38:53","guid":{"rendered":"https:\/\/web-pyme.cl\/mandalas\/?post_type=product&#038;p=583"},"modified":"2022-05-16T13:38:10","modified_gmt":"2022-05-16T17:38:10","slug":"todoterreno-con-asentamiento-de-dinosaurios","status":"publish","type":"product","link":"https:\/\/web-pyme.cl\/mandalas\/producto\/todoterreno-con-asentamiento-de-dinosaurios\/","title":{"rendered":"Todoterreno con asentamiento de dinosaurios"},"content":{"rendered":"<p>Con el todoterreno, LUIS podr\u00e1 llegar r\u00e1pidamente hasta el asentamiento y capturar all\u00ed al giganotosaurus utilizando un cebo de carne. Si durante el camino se queda atrapado en el lodazal, puede cambiar los neum\u00e1ticos f\u00e1cilmente con su caja de herramientas o volver a sacar el todoterreno con el cabrestante. El todoterreno con asentamiento de dinosaurios de Schleich\u00ae Dinosaurs ofrece una gran cantidad de posibilidades. Descubre el universo Schleich\u00ae Dinosaurs al completo y la emocionante aventura de los hermanos Colby en www.schleich-dinosaurs.com<br \/>\nDato divertido<\/p>\n<p>Cuando LUIS coloca el cebo en el cabrestante del todoterreno y arranca el veh\u00edculo, el dinosaurio corre tras \u00e9l.<\/p>\n<ul>\n<li>Las figuras de Schleich\u00ae est\u00e1n modeladas al detalle y son juguetes con un gran valor educativo.<\/li>\n<li>El art\u00edculo pertenece al universo tem\u00e1tico DINOSAURS y es apto para ni\u00f1os de entre 4 y 10 a\u00f1os<\/li>\n<li>El set consta del paleont\u00f3logo Luis, de un Giganotosaurus y de fant\u00e1sticos accesorios.<\/li>\n<\/ul>\n<h3>Contenido<\/h3>\n<p>1 todoterreno con torno de cable, 1 paleont\u00f3logo Luis, 1 Giganotosaurus, 1 cebo, 1 hacha, 1 torniquete, 1 pala, 1 caja de aluminio, 4 vallas, 1 puerta de entrada, 1 adhesivo<\/p>\n<p><strong>Advertencia! Las piezas peque\u00f1as pueden ser ingeridas. Peligro de asfixia.<\/strong><\/p>\n","protected":false},"excerpt":{"rendered":"<p>El todoterreno con asentamiento de dinosaurios de Schleich\u00ae es el complemento ideal para la gran estaci\u00f3n de investigaci\u00f3n de dinosaurios (Ref.: 41462).<\/p>\n","protected":false},"featured_media":598,"comment_status":"open","ping_status":"closed","template":"","meta":{"_kad_post_transparent":"default","_kad_post_title":"","_kad_post_layout":"default","_kad_post_sidebar_id":"","_kad_post_content_style":"default","_kad_post_vertical_padding":"default","_kad_post_feature":"","_kad_post_feature_position":"","_kad_post_header":false,"_kad_post_footer":false},"location":[],"product_cat":[40],"product_tag":[],"class_list":["post-583","product","type-product","status-publish","has-post-thumbnail","hentry","pwb-brand-schleich","product_cat-dinosaurios","pa_edad-recomendada-de-4-a-12-anos","entry","content-bg","loop-entry"],"acf":[],"brands":[{"id":36,"name":"Schleich","slug":"schleich"}],"locations":[],"_links":{"self":[{"href":"https:\/\/web-pyme.cl\/mandalas\/wp-json\/wp\/v2\/product\/583","targetHints":{"allow":["GET"]}}],"collection":[{"href":"https:\/\/web-pyme.cl\/mandalas\/wp-json\/wp\/v2\/product"}],"about":[{"href":"https:\/\/web-pyme.cl\/mandalas\/wp-json\/wp\/v2\/types\/product"}],"replies":[{"embeddable":true,"href":"https:\/\/web-pyme.cl\/mandalas\/wp-json\/wp\/v2\/comments?post=583"}],"wp:featuredmedia":[{"embeddable":true,"href":"https:\/\/web-pyme.cl\/mandalas\/wp-json\/wp\/v2\/media\/598"}],"wp:attachment":[{"href":"https:\/\/web-pyme.cl\/mandalas\/wp-json\/wp\/v2\/media?parent=583"}],"wp:term":[{"taxonomy":"location","embeddable":true,"href":"https:\/\/web-pyme.cl\/mandalas\/wp-json\/wp\/v2\/location?post=583"},{"taxonomy":"product_cat","embeddable":true,"href":"https:\/\/web-pyme.cl\/mandalas\/wp-json\/wp\/v2\/product_cat?post=583"},{"taxonomy":"product_tag","embeddable":true,"href":"https:\/\/web-pyme.cl\/mandalas\/wp-json\/wp\/v2\/product_tag?post=583"}],"curies":[{"name":"wp","href":"https:\/\/api.w.org\/{rel}","templated":true}]}}