{"id":556,"date":"2021-11-25T12:26:54","date_gmt":"2021-11-25T15:26:54","guid":{"rendered":"https:\/\/web-pyme.cl\/mandalas\/?post_type=product&#038;p=556"},"modified":"2022-05-16T13:38:11","modified_gmt":"2022-05-16T17:38:11","slug":"seguimiento-con-jet-pack","status":"publish","type":"product","link":"https:\/\/web-pyme.cl\/mandalas\/producto\/seguimiento-con-jet-pack\/","title":{"rendered":"Seguimiento con Jet Pack"},"content":{"rendered":"<p>Esta mochila de Schleich\u00ae DINOSAURS es un aparato de vuelo muy apreciado de los hermanos Colby, sobre todo por su gran velocidad y maniobrabilidad. Maxx Colby la usa a menudo porque quiere averiguar la velocidad a la que vuela un pterosaurio. Por eso, compite contra el tupuxuara. Para protegerse, siempre lleva consigo su arma de asta.<br \/>\nDato divertido<\/p>\n<p>\u00bfConseguir\u00e1 superar al pterosaurio con la mochila propulsora?<br \/>\nManual de construcci\u00f3n<br \/>\nDescargar instrucciones de construcci\u00f3n (6.04 MB)<\/p>\n<ul>\n<li>Las figuras de Schleich\u00ae est\u00e1n modeladas al detalle y son juguetes con un gran valor educativo.<\/li>\n<li>El art\u00edculo pertenece al universo tem\u00e1tico DINOSAURS y es apto para ni\u00f1os de entre 4 y 10 a\u00f1os<\/li>\n<li>El set consta del paleont\u00f3logo Maxx, de un tupuxuara y de un fant\u00e1stico accesorio.<\/li>\n<\/ul>\n<h3>Contenido<\/h3>\n<p>1 paleont\u00f3logo Maxx, 1 tupuxuara, 1 arma de asta, 1 mochila propulsora, 2 propulsores, 1 casco<\/p>\n<p><strong>Advertencia! Las piezas peque\u00f1as pueden ser ingeridas. Peligro de asfixia.<\/strong><\/p>\n","protected":false},"excerpt":{"rendered":"<p>Con la mochila propulsora de Schleich\u00ae DINOSAURS, el paleont\u00f3logo Maxx puede desplazarse a toda velocidad por el aire.<\/p>\n","protected":false},"featured_media":565,"comment_status":"open","ping_status":"closed","template":"","meta":{"_kad_post_transparent":"default","_kad_post_title":"","_kad_post_layout":"default","_kad_post_sidebar_id":"","_kad_post_content_style":"default","_kad_post_vertical_padding":"default","_kad_post_feature":"","_kad_post_feature_position":"","_kad_post_header":false,"_kad_post_footer":false},"location":[],"product_cat":[40],"product_tag":[],"class_list":["post-556","product","type-product","status-publish","has-post-thumbnail","hentry","pwb-brand-schleich","product_cat-dinosaurios","pa_edad-recomendada-de-4-a-12-anos","entry","content-bg","loop-entry"],"acf":[],"brands":[{"id":36,"name":"Schleich","slug":"schleich"}],"locations":[],"_links":{"self":[{"href":"https:\/\/web-pyme.cl\/mandalas\/wp-json\/wp\/v2\/product\/556","targetHints":{"allow":["GET"]}}],"collection":[{"href":"https:\/\/web-pyme.cl\/mandalas\/wp-json\/wp\/v2\/product"}],"about":[{"href":"https:\/\/web-pyme.cl\/mandalas\/wp-json\/wp\/v2\/types\/product"}],"replies":[{"embeddable":true,"href":"https:\/\/web-pyme.cl\/mandalas\/wp-json\/wp\/v2\/comments?post=556"}],"wp:featuredmedia":[{"embeddable":true,"href":"https:\/\/web-pyme.cl\/mandalas\/wp-json\/wp\/v2\/media\/565"}],"wp:attachment":[{"href":"https:\/\/web-pyme.cl\/mandalas\/wp-json\/wp\/v2\/media?parent=556"}],"wp:term":[{"taxonomy":"location","embeddable":true,"href":"https:\/\/web-pyme.cl\/mandalas\/wp-json\/wp\/v2\/location?post=556"},{"taxonomy":"product_cat","embeddable":true,"href":"https:\/\/web-pyme.cl\/mandalas\/wp-json\/wp\/v2\/product_cat?post=556"},{"taxonomy":"product_tag","embeddable":true,"href":"https:\/\/web-pyme.cl\/mandalas\/wp-json\/wp\/v2\/product_tag?post=556"}],"curies":[{"name":"wp","href":"https:\/\/api.w.org\/{rel}","templated":true}]}}