{"id":539,"date":"2021-11-25T12:08:02","date_gmt":"2021-11-25T15:08:02","guid":{"rendered":"https:\/\/web-pyme.cl\/mandalas\/?post_type=product&#038;p=539"},"modified":"2022-05-16T13:38:11","modified_gmt":"2022-05-16T17:38:11","slug":"ataque-desde-el-aire","status":"publish","type":"product","link":"https:\/\/web-pyme.cl\/mandalas\/producto\/ataque-desde-el-aire\/","title":{"rendered":"Ataque desde el aire"},"content":{"rendered":"<p>El helic\u00f3ptero de \u00abAtaque desde el aire\u00bb de Schleich\u00ae DINOSAURS es perfecto para seguir y capturar a los dinosaurios desde el aire. El propio paleont\u00f3logo Luis ha desarrollado un ca\u00f1\u00f3n de aturdimiento que puede montarse en el helic\u00f3ptero. Para hacer la ronda en helic\u00f3ptero, Luis se eleva por el aire. \u00a1Pero, cuidado! A un gran tapejara no le gusta nada que el helic\u00f3ptero invada su territorio y lo persiga de inmediato. Con habilidad, Luis acciona la palanca de mando y lleva a cabo un r\u00e1pido giro de 180 grados. El tapejara intenta evitarlo pero Luis ha accionado a tiempo el proyectil de aturdimiento y la red. Ha logrado capturar al dinosaurio y ahora puede transportarlo f\u00e1cilmente con el cabestrante.<br \/>\nDato divertido<\/p>\n<p>Con el cabestrante en el helic\u00f3ptero, pueden transportarse objetos r\u00e1pidamente.<br \/>\nManual de construcci\u00f3n<br \/>\nDescargar instrucciones de construcci\u00f3n (8.01 MB)<\/p>\n<ul>\n<li>Las figuras de Schleich\u00ae est\u00e1n modeladas al detalle y son juguetes con un gran valor educativo.<\/li>\n<li>El art\u00edculo pertenece al universo tem\u00e1tico DINOSAURS y es apto para ni\u00f1os de entre 4 y 10 a\u00f1os<\/li>\n<li>El set consta del paleont\u00f3logo Luis, de un tapejara y de un fant\u00e1stico accesorio.<\/li>\n<\/ul>\n<h3>Contenido<\/h3>\n<p>1 paleont\u00f3logo Luis, 1 tapejara, 1 helic\u00f3ptero, 1 cabestrante, 1 ca\u00f1\u00f3n, 1 red, 1 casco, 1 tel\u00e9fono satelital, 1 proyectil, 1 caja de transporte<\/p>\n<p><strong>Advertencia! Contiene piezas peque\u00f1as y bolitas que pueden ser ingeridas. Peligro de asfixia. No apuntar a los ojos ni a la cara. No utilizar proyectiles distintos de los suministrados o recomendados por el fabricante. Conserve las indicaciones.<\/strong><\/p>\n","protected":false},"excerpt":{"rendered":"<p>En el helic\u00f3ptero de \u00abAtaque desde el aire\u00bb de Schleich\u00ae DINOSAURS, el paleont\u00f3logo Luis puede montar su nuevo invento: un ca\u00f1\u00f3n de aturdimiento con red.<\/p>\n","protected":false},"featured_media":554,"comment_status":"open","ping_status":"closed","template":"","meta":{"_kad_post_transparent":"default","_kad_post_title":"","_kad_post_layout":"default","_kad_post_sidebar_id":"","_kad_post_content_style":"default","_kad_post_vertical_padding":"default","_kad_post_feature":"","_kad_post_feature_position":"","_kad_post_header":false,"_kad_post_footer":false},"location":[],"product_cat":[40],"product_tag":[],"class_list":["post-539","product","type-product","status-publish","has-post-thumbnail","hentry","pwb-brand-schleich","product_cat-dinosaurios","pa_edad-recomendada-de-4-a-12-anos","entry","content-bg","loop-entry"],"acf":[],"brands":[{"id":36,"name":"Schleich","slug":"schleich"}],"locations":[],"_links":{"self":[{"href":"https:\/\/web-pyme.cl\/mandalas\/wp-json\/wp\/v2\/product\/539","targetHints":{"allow":["GET"]}}],"collection":[{"href":"https:\/\/web-pyme.cl\/mandalas\/wp-json\/wp\/v2\/product"}],"about":[{"href":"https:\/\/web-pyme.cl\/mandalas\/wp-json\/wp\/v2\/types\/product"}],"replies":[{"embeddable":true,"href":"https:\/\/web-pyme.cl\/mandalas\/wp-json\/wp\/v2\/comments?post=539"}],"wp:featuredmedia":[{"embeddable":true,"href":"https:\/\/web-pyme.cl\/mandalas\/wp-json\/wp\/v2\/media\/554"}],"wp:attachment":[{"href":"https:\/\/web-pyme.cl\/mandalas\/wp-json\/wp\/v2\/media?parent=539"}],"wp:term":[{"taxonomy":"location","embeddable":true,"href":"https:\/\/web-pyme.cl\/mandalas\/wp-json\/wp\/v2\/location?post=539"},{"taxonomy":"product_cat","embeddable":true,"href":"https:\/\/web-pyme.cl\/mandalas\/wp-json\/wp\/v2\/product_cat?post=539"},{"taxonomy":"product_tag","embeddable":true,"href":"https:\/\/web-pyme.cl\/mandalas\/wp-json\/wp\/v2\/product_tag?post=539"}],"curies":[{"name":"wp","href":"https:\/\/api.w.org\/{rel}","templated":true}]}}