{"id":503,"date":"2021-11-25T11:39:34","date_gmt":"2021-11-25T14:39:34","guid":{"rendered":"https:\/\/web-pyme.cl\/mandalas\/?post_type=product&#038;p=503"},"modified":"2022-05-16T13:38:11","modified_gmt":"2022-05-16T17:38:11","slug":"gran-expedicion-al-volcan","status":"publish","type":"product","link":"https:\/\/web-pyme.cl\/mandalas\/producto\/gran-expedicion-al-volcan\/","title":{"rendered":"Gran Expedici\u00f3n al Volc\u00e1n"},"content":{"rendered":"<p>La investigadora Yuki de la gran expedici\u00f3n al volc\u00e1n de Schleich\u00ae Dinosaurs re\u00fane en su contenedor de investigaci\u00f3n todo aquello que tenga que ver con los dinosaurios. \u00a1De repente, se oye un retumbar ensordecedor, vibra toda la monta\u00f1a y sale humo! Yuki reacciona con rapidez y salta al tobog\u00e1n de emergencia que la transporta a una cueva secreta ubicada debajo del volc\u00e1n. \u00a1Justo a tiempo, porque el volc\u00e1n entra en erupci\u00f3n! La funci\u00f3n de erupci\u00f3n hace que las piedras salgan despedidas del cr\u00e1ter del volc\u00e1n. Adem\u00e1s, el volc\u00e1n tambi\u00e9n vibra y sale humo. \u00a1La funci\u00f3n de luz LED integrada tanto en el flujo de lava como en algunas piedras crea una atm\u00f3sfera de juego fascinante! El recorrido de obst\u00e1culos en la parte trasera del volc\u00e1n crea un juego de acci\u00f3n adicional. Lo m\u00e1s destacado de la gran expedici\u00f3n al volc\u00e1n son los dos dinosaurios de colores especiales exclusivos incluidos en el set de juego. Se necesitan 3 pilas AA adicionales. Estas no est\u00e1n incluidas en el set.<br \/>\nDato divertido<\/p>\n<p>\u00a1En la cueva secreta en la que se esconde antes de que el volc\u00e1n entre en erupci\u00f3n, Yuki descubre cristales brillantes!<\/p>\n<ul>\n<li>\u00a1los dinosaurios est\u00e1n pintados en exclusiva para este set!<\/li>\n<li>Puede combinarse con la gran estaci\u00f3n de investigaci\u00f3n de dinosaurios (Ref.: 41462).<\/li>\n<li>\u00a1Divertida carrera de obst\u00e1culos alrededor del volc\u00e1n!<\/li>\n<li>Las figuras de Schleich\u00ae est\u00e1n modeladas al detalle y son juguetes con un gran valor educativo.<\/li>\n<li>El art\u00edculo pertenece al universo tem\u00e1tico DINOSAURS y es apto para ni\u00f1os de entre 4 y 10 a\u00f1os<\/li>\n<li>Este producto requiere pilas. Requiere 3 pilas AA (no incluidas) y 4 pilas LR44 \/ A76 (incluidas).<\/li>\n<\/ul>\n<h3>Contenido<\/h3>\n<p>1 investigadora de dinosaurios Yuki, 1 giganotosaurus, 1 ankylosaurus, 1 volc\u00e1n, 1 contenedor, 1 barandilla para contenedor, 1 barandilla para puente, 1 puente, 1 barandilla para parte superior, 1 barandilla para esquina, 1 soporte de proyectil, 1 bola de ca\u00f1\u00f3n de piedra, 2 piedras grandes, 3 piedras medianas, 4 piedras peque\u00f1as, 2 cristales grandes, 2 cristales peque\u00f1os, 1 liana, 2 plantas grandes, 3 plantas peque\u00f1as, 1 estalactita, 4 pilas de bot\u00f3n<\/p>\n<p><strong>Advertencia! No apto para ni\u00f1os menores de 3 a\u00f1os. Contiene piezas y bolas peque\u00f1as. Peligro de asfixia. No apuntar a los ojos ni a la cara. No utilizar proyectiles distintos de los suministrados o recomendados por el fabricante.El juguete genera destellos de luz que, en personas sensibles, peuden provocar epilepsia.Conserve las indicaciones.Utilice el art\u00edculo solo en interiores y prot\u00e9jalo de la humedad.Utilice exclusivamente pilas del tipo recomendado. Las pilas recargables solo deben cargarse cuando se hayan sacado del art\u00edculo, as\u00ed como bajo la supervisi\u00f3n de un adulto. \u00a1Nunca cargue pilas que no sean recargables! No utilice al mismo tiempo pilas de tipos diferentes ni pilas gastadas junto con pilas nuevas. Al introducir las pilas debe observar la polaridad. Retire las pilas cuando el art\u00edculo no se vaya a usar durante alg\u00fan tiempo. No ponga en cortocircuito los bornes de conexi\u00f3n. No tire las pilas usadas a contenedores de residuos dom\u00e9sticos.<\/strong><\/p>\n","protected":false},"excerpt":{"rendered":"<p>La atracci\u00f3n del universo de Schleich\u00ae DINOSAURS: \u00a1La gran expedici\u00f3n al volc\u00e1n ofrece funciones de juego sorprendentes y llenas de acci\u00f3n, como la lava luminosa, el humo mol\u00f3n y una funci\u00f3n de erupci\u00f3n con efecto vibratorio o un peligroso sonido de dinosaurio con solo pulsar un bot\u00f3n! \u00a1Para una diversi\u00f3n sin fin en el universo de DINOSAURS!<\/p>\n","protected":false},"featured_media":524,"comment_status":"open","ping_status":"closed","template":"","meta":{"_kad_post_transparent":"default","_kad_post_title":"","_kad_post_layout":"default","_kad_post_sidebar_id":"","_kad_post_content_style":"default","_kad_post_vertical_padding":"default","_kad_post_feature":"","_kad_post_feature_position":"","_kad_post_header":false,"_kad_post_footer":false},"location":[],"product_cat":[40],"product_tag":[],"class_list":["post-503","product","type-product","status-publish","has-post-thumbnail","hentry","pwb-brand-schleich","product_cat-dinosaurios","pa_edad-recomendada-de-4-a-12-anos","entry","content-bg","loop-entry"],"acf":[],"brands":[{"id":36,"name":"Schleich","slug":"schleich"}],"locations":[],"_links":{"self":[{"href":"https:\/\/web-pyme.cl\/mandalas\/wp-json\/wp\/v2\/product\/503","targetHints":{"allow":["GET"]}}],"collection":[{"href":"https:\/\/web-pyme.cl\/mandalas\/wp-json\/wp\/v2\/product"}],"about":[{"href":"https:\/\/web-pyme.cl\/mandalas\/wp-json\/wp\/v2\/types\/product"}],"replies":[{"embeddable":true,"href":"https:\/\/web-pyme.cl\/mandalas\/wp-json\/wp\/v2\/comments?post=503"}],"wp:featuredmedia":[{"embeddable":true,"href":"https:\/\/web-pyme.cl\/mandalas\/wp-json\/wp\/v2\/media\/524"}],"wp:attachment":[{"href":"https:\/\/web-pyme.cl\/mandalas\/wp-json\/wp\/v2\/media?parent=503"}],"wp:term":[{"taxonomy":"location","embeddable":true,"href":"https:\/\/web-pyme.cl\/mandalas\/wp-json\/wp\/v2\/location?post=503"},{"taxonomy":"product_cat","embeddable":true,"href":"https:\/\/web-pyme.cl\/mandalas\/wp-json\/wp\/v2\/product_cat?post=503"},{"taxonomy":"product_tag","embeddable":true,"href":"https:\/\/web-pyme.cl\/mandalas\/wp-json\/wp\/v2\/product_tag?post=503"}],"curies":[{"name":"wp","href":"https:\/\/api.w.org\/{rel}","templated":true}]}}