{"id":500,"date":"2021-11-25T11:20:13","date_gmt":"2021-11-25T14:20:13","guid":{"rendered":"https:\/\/web-pyme.cl\/mandalas\/?post_type=product&#038;p=500"},"modified":"2022-05-16T13:38:11","modified_gmt":"2022-05-16T17:38:11","slug":"surtido-de-animales-wild-life","status":"publish","type":"product","link":"https:\/\/web-pyme.cl\/mandalas\/producto\/surtido-de-animales-wild-life\/","title":{"rendered":"Surtido de animales Wild Life"},"content":{"rendered":"<p>El set incluye cinco animales de la sabana africana: Una cr\u00eda de guepardo, un pangol\u00edn gigante, un flamenco, una cr\u00eda de jirafa y una cr\u00eda de elefante africano. La fauna africana resulta impresionante por su gran diversidad. En la c\u00e1lida sabana de Sud\u00e1frica y \u00c1frica oriental viven elefantes, jirafas y peligrosos felinos como el guepardo. El pangol\u00edn gigante habita las selvas tropicales de \u00c1frica central y al flamenco le encanta sumergirse en los lagos salados en busca de cangrejos.<br \/>\nDato divertido<\/p>\n<p>Las cr\u00edas de guepardo, en los primeros meses de vida tienen en la cabeza y en la nuca una crin larga y suave.<\/p>\n<h3>Contenido<\/h3>\n<p>1x cr\u00eda de guepardo, 1x pangol\u00edn gigante, 1x flamenco, 1x cr\u00eda de jirafa, 1x cr\u00eda de elefante africano<\/p>\n","protected":false},"excerpt":{"rendered":"<p>El set incluye cinco animales de la sabana africana: Una cr\u00eda de guepardo, un pangol\u00edn gigante, un flamenco, una cr\u00eda de jirafa y una cr\u00eda de elefante africano.<\/p>\n","protected":false},"featured_media":501,"comment_status":"open","ping_status":"closed","template":"","meta":{"_kad_post_transparent":"default","_kad_post_title":"","_kad_post_layout":"default","_kad_post_sidebar_id":"","_kad_post_content_style":"default","_kad_post_vertical_padding":"default","_kad_post_feature":"","_kad_post_feature_position":"","_kad_post_header":false,"_kad_post_footer":false},"location":[],"product_cat":[38],"product_tag":[],"class_list":["post-500","product","type-product","status-publish","has-post-thumbnail","hentry","pwb-brand-schleich","product_cat-vida-salvaje","pa_edad-recomendada-de-3-a-8-anos","entry","content-bg","loop-entry"],"acf":[],"brands":[{"id":36,"name":"Schleich","slug":"schleich"}],"locations":[],"_links":{"self":[{"href":"https:\/\/web-pyme.cl\/mandalas\/wp-json\/wp\/v2\/product\/500","targetHints":{"allow":["GET"]}}],"collection":[{"href":"https:\/\/web-pyme.cl\/mandalas\/wp-json\/wp\/v2\/product"}],"about":[{"href":"https:\/\/web-pyme.cl\/mandalas\/wp-json\/wp\/v2\/types\/product"}],"replies":[{"embeddable":true,"href":"https:\/\/web-pyme.cl\/mandalas\/wp-json\/wp\/v2\/comments?post=500"}],"wp:featuredmedia":[{"embeddable":true,"href":"https:\/\/web-pyme.cl\/mandalas\/wp-json\/wp\/v2\/media\/501"}],"wp:attachment":[{"href":"https:\/\/web-pyme.cl\/mandalas\/wp-json\/wp\/v2\/media?parent=500"}],"wp:term":[{"taxonomy":"location","embeddable":true,"href":"https:\/\/web-pyme.cl\/mandalas\/wp-json\/wp\/v2\/location?post=500"},{"taxonomy":"product_cat","embeddable":true,"href":"https:\/\/web-pyme.cl\/mandalas\/wp-json\/wp\/v2\/product_cat?post=500"},{"taxonomy":"product_tag","embeddable":true,"href":"https:\/\/web-pyme.cl\/mandalas\/wp-json\/wp\/v2\/product_tag?post=500"}],"curies":[{"name":"wp","href":"https:\/\/api.w.org\/{rel}","templated":true}]}}