{"id":497,"date":"2021-11-24T20:23:28","date_gmt":"2021-11-24T23:23:28","guid":{"rendered":"https:\/\/web-pyme.cl\/mandalas\/?post_type=product&#038;p=497"},"modified":"2024-08-21T15:39:57","modified_gmt":"2024-08-21T19:39:57","slug":"set-de-iniciacion-wild-life","status":"publish","type":"product","link":"https:\/\/web-pyme.cl\/mandalas\/producto\/set-de-iniciacion-wild-life\/","title":{"rendered":"Set de iniciaci\u00f3n Wild Life"},"content":{"rendered":"<p>Children can discover wild animals with the Wild Life Starter Set. The life-like Schleich animals with elaborate detail stimulate children to play creatively, allowing them to come up with their first adventurous stories from the wilderness of the safari.<br \/>\nDato divertido<\/p>\n<p>La melena de un le\u00f3n macho tarda cinco a\u00f1os en desarrollarse por completo.<\/p>\n<h3>Contenido<\/h3>\n<p>1 x le\u00f3n, 1 x cebra, 1 x cr\u00eda de elefante africano, 1 x cr\u00eda de chimpanc\u00e9<\/p>\n","protected":false},"excerpt":{"rendered":"<p>Con el set de iniciaci\u00f3n Wild Life, los ni\u00f1os descubrir\u00e1n los animales salvajes.<\/p>\n","protected":false},"featured_media":499,"comment_status":"open","ping_status":"closed","template":"","meta":{"_kad_post_transparent":"default","_kad_post_title":"","_kad_post_layout":"default","_kad_post_sidebar_id":"","_kad_post_content_style":"default","_kad_post_vertical_padding":"default","_kad_post_feature":"","_kad_post_feature_position":"","_kad_post_header":false,"_kad_post_footer":false},"location":[],"product_cat":[38],"product_tag":[],"class_list":["post-497","product","type-product","status-publish","has-post-thumbnail","hentry","pwb-brand-schleich","product_cat-vida-salvaje","pa_edad-recomendada-de-3-a-8-anos","entry","content-bg","loop-entry"],"acf":[],"brands":[{"id":36,"name":"Schleich","slug":"schleich"}],"locations":[],"_links":{"self":[{"href":"https:\/\/web-pyme.cl\/mandalas\/wp-json\/wp\/v2\/product\/497","targetHints":{"allow":["GET"]}}],"collection":[{"href":"https:\/\/web-pyme.cl\/mandalas\/wp-json\/wp\/v2\/product"}],"about":[{"href":"https:\/\/web-pyme.cl\/mandalas\/wp-json\/wp\/v2\/types\/product"}],"replies":[{"embeddable":true,"href":"https:\/\/web-pyme.cl\/mandalas\/wp-json\/wp\/v2\/comments?post=497"}],"wp:featuredmedia":[{"embeddable":true,"href":"https:\/\/web-pyme.cl\/mandalas\/wp-json\/wp\/v2\/media\/499"}],"wp:attachment":[{"href":"https:\/\/web-pyme.cl\/mandalas\/wp-json\/wp\/v2\/media?parent=497"}],"wp:term":[{"taxonomy":"location","embeddable":true,"href":"https:\/\/web-pyme.cl\/mandalas\/wp-json\/wp\/v2\/location?post=497"},{"taxonomy":"product_cat","embeddable":true,"href":"https:\/\/web-pyme.cl\/mandalas\/wp-json\/wp\/v2\/product_cat?post=497"},{"taxonomy":"product_tag","embeddable":true,"href":"https:\/\/web-pyme.cl\/mandalas\/wp-json\/wp\/v2\/product_tag?post=497"}],"curies":[{"name":"wp","href":"https:\/\/api.w.org\/{rel}","templated":true}]}}