{"id":488,"date":"2021-11-24T20:14:26","date_gmt":"2021-11-24T23:14:26","guid":{"rendered":"https:\/\/web-pyme.cl\/mandalas\/?post_type=product&#038;p=488"},"modified":"2022-05-16T13:38:11","modified_gmt":"2022-05-16T17:38:11","slug":"crias-de-animales-del-bosque","status":"publish","type":"product","link":"https:\/\/web-pyme.cl\/mandalas\/producto\/crias-de-animales-del-bosque\/","title":{"rendered":"Cr\u00edas de animales del bosque"},"content":{"rendered":"<p>Las cr\u00edas de animales del bosque tienen pocas semanas de edad y lo que m\u00e1s les gusta es pasar el d\u00eda entero jugando. El osezno negro corretea por el prado y da volteretas, la cr\u00eda de alce juega en un arroyo cercano y el jabato olisquea curioso todo lo que encuentra a su alrededor.<\/p>\n<h3>Dato divertido<\/h3>\n<p>El pelaje de los oseznos negros no es negro al nacer, sino gris.<\/p>\n<h3>Hechos cient\u00edficos<\/h3>\n<p>Origen global: Europa<br \/>\nEstado de conservaci\u00f3n: Preocupaci\u00f3n<br \/>\nH\u00e1bitat principal: Bosque<\/p>\n<p>&nbsp;<\/p>\n","protected":false},"excerpt":{"rendered":"<p>Las cr\u00edas de animales del bosque tienen pocas semanas de edad y lo que m\u00e1s les gusta es pasar el d\u00eda entero jugando.<\/p>\n","protected":false},"featured_media":491,"comment_status":"open","ping_status":"closed","template":"","meta":{"_kad_post_transparent":"default","_kad_post_title":"","_kad_post_layout":"default","_kad_post_sidebar_id":"","_kad_post_content_style":"default","_kad_post_vertical_padding":"default","_kad_post_feature":"","_kad_post_feature_position":"","_kad_post_header":false,"_kad_post_footer":false},"location":[],"product_cat":[38],"product_tag":[],"class_list":["post-488","product","type-product","status-publish","has-post-thumbnail","hentry","pwb-brand-schleich","product_cat-vida-salvaje","pa_edad-recomendada-de-3-a-8-anos","entry","content-bg","loop-entry"],"acf":[],"brands":[{"id":36,"name":"Schleich","slug":"schleich"}],"locations":[],"_links":{"self":[{"href":"https:\/\/web-pyme.cl\/mandalas\/wp-json\/wp\/v2\/product\/488","targetHints":{"allow":["GET"]}}],"collection":[{"href":"https:\/\/web-pyme.cl\/mandalas\/wp-json\/wp\/v2\/product"}],"about":[{"href":"https:\/\/web-pyme.cl\/mandalas\/wp-json\/wp\/v2\/types\/product"}],"replies":[{"embeddable":true,"href":"https:\/\/web-pyme.cl\/mandalas\/wp-json\/wp\/v2\/comments?post=488"}],"wp:featuredmedia":[{"embeddable":true,"href":"https:\/\/web-pyme.cl\/mandalas\/wp-json\/wp\/v2\/media\/491"}],"wp:attachment":[{"href":"https:\/\/web-pyme.cl\/mandalas\/wp-json\/wp\/v2\/media?parent=488"}],"wp:term":[{"taxonomy":"location","embeddable":true,"href":"https:\/\/web-pyme.cl\/mandalas\/wp-json\/wp\/v2\/location?post=488"},{"taxonomy":"product_cat","embeddable":true,"href":"https:\/\/web-pyme.cl\/mandalas\/wp-json\/wp\/v2\/product_cat?post=488"},{"taxonomy":"product_tag","embeddable":true,"href":"https:\/\/web-pyme.cl\/mandalas\/wp-json\/wp\/v2\/product_tag?post=488"}],"curies":[{"name":"wp","href":"https:\/\/api.w.org\/{rel}","templated":true}]}}