{"id":472,"date":"2021-11-24T20:10:08","date_gmt":"2021-11-24T23:10:08","guid":{"rendered":"https:\/\/web-pyme.cl\/mandalas\/?post_type=product&#038;p=472"},"modified":"2022-10-13T10:42:33","modified_gmt":"2022-10-13T13:42:33","slug":"monticulo-de-suricatas","status":"publish","type":"product","link":"https:\/\/web-pyme.cl\/mandalas\/producto\/monticulo-de-suricatas\/","title":{"rendered":"Mont\u00edculo de suricatas"},"content":{"rendered":"<p>Los tres suricatas experimentan todo tipo de aventuras en el nuevo mont\u00edculo de suricatas de Schleich\u00ae WILD LIFE. \u00a1As\u00ed, los p\u00edcaros peque\u00f1ines pueden balancearse en el balanc\u00edn de ramas, deslizarse por la pendiente del mont\u00edculo o jugar a esconderse alrededor de \u00e9l! \u00bfHay un suricata escondido dentro del mel\u00f3n nara? Despu\u00e9s de tanto juego, lo primero que hay que hacer es dormir la siesta en el columpio de hojas.<\/p>\n<h3>Dato divertido<\/h3>\n<p>\u00a1Los suricatas a veces usan el balanc\u00edn de ramas para dar grandes saltos en el aire!<\/p>\n<ul>\n<li>Las figuras de Schleich\u00ae est\u00e1n modeladas al detalle y son juguetes con un gran valor educativo.<\/li>\n<li>El art\u00edculo pertenece al universo tem\u00e1tico WILD LIFE y es apto para ni\u00f1os de entre 3 y 8 a\u00f1os<\/li>\n<li>El set consta de 4 animales y fant\u00e1sticos accesorios.<\/li>\n<\/ul>\n<h3>M\u00e1s informaci\u00f3n<\/h3>\n<p>Schleich y Nat Geo Kids. Proteger los animales y la naturaleza. Schleich ha firmado un acuerdo de varios a\u00f1os con National Geographic Kids para que los ni\u00f1os se entusiasmen con los animales y la conservaci\u00f3n de la naturaleza a trav\u00e9s del juego. M\u00e1s informaci\u00f3n.<\/p>\n<h3>Contenido<\/h3>\n<p>1x suricata de pie, 2x suricatas sentados, 1x milpi\u00e9s, 1x mont\u00edculo de suricatas, 1x balanc\u00edn de ramas, 1x rama, 1x columpio de hojas, 1x mel\u00f3n nara, 1x papaya<\/p>\n<p><strong>Advertencia! Las piezas peque\u00f1as pueden ser ingeridas. Peligro de asfixia.<\/strong><\/p>\n","protected":false},"excerpt":{"rendered":"<p>Los tres suricatas experimentan todo tipo de aventuras en el nuevo mont\u00edculo de suricatas de Schleich\u00ae WILD LIFE. \u00a1As\u00ed, los p\u00edcaros peque\u00f1ines pueden balancearse en el balanc\u00edn de ramas, deslizarse por la pendiente del mont\u00edculo o jugar a esconderse alrededor de \u00e9l! \u00bfHay un suricata escondido dentro del mel\u00f3n nara? Despu\u00e9s de tanto juego, lo primero que hay que hacer es dormir la siesta en el columpio de hojas.<br \/>\nDato divertido<\/p>\n<p>\u00a1Los suricatas a veces usan el balanc\u00edn de ramas para dar grandes saltos en el aire!<\/p>\n","protected":false},"featured_media":484,"comment_status":"open","ping_status":"closed","template":"","meta":{"_kad_post_transparent":"default","_kad_post_title":"","_kad_post_layout":"default","_kad_post_sidebar_id":"","_kad_post_content_style":"default","_kad_post_vertical_padding":"default","_kad_post_feature":"","_kad_post_feature_position":"","_kad_post_header":false,"_kad_post_footer":false},"location":[],"product_cat":[38],"product_tag":[],"class_list":["post-472","product","type-product","status-publish","has-post-thumbnail","hentry","pwb-brand-schleich","product_cat-vida-salvaje","pa_edad-recomendada-de-3-a-8-anos","entry","content-bg","loop-entry"],"acf":[],"brands":[{"id":36,"name":"Schleich","slug":"schleich"}],"locations":[],"_links":{"self":[{"href":"https:\/\/web-pyme.cl\/mandalas\/wp-json\/wp\/v2\/product\/472","targetHints":{"allow":["GET"]}}],"collection":[{"href":"https:\/\/web-pyme.cl\/mandalas\/wp-json\/wp\/v2\/product"}],"about":[{"href":"https:\/\/web-pyme.cl\/mandalas\/wp-json\/wp\/v2\/types\/product"}],"replies":[{"embeddable":true,"href":"https:\/\/web-pyme.cl\/mandalas\/wp-json\/wp\/v2\/comments?post=472"}],"wp:featuredmedia":[{"embeddable":true,"href":"https:\/\/web-pyme.cl\/mandalas\/wp-json\/wp\/v2\/media\/484"}],"wp:attachment":[{"href":"https:\/\/web-pyme.cl\/mandalas\/wp-json\/wp\/v2\/media?parent=472"}],"wp:term":[{"taxonomy":"location","embeddable":true,"href":"https:\/\/web-pyme.cl\/mandalas\/wp-json\/wp\/v2\/location?post=472"},{"taxonomy":"product_cat","embeddable":true,"href":"https:\/\/web-pyme.cl\/mandalas\/wp-json\/wp\/v2\/product_cat?post=472"},{"taxonomy":"product_tag","embeddable":true,"href":"https:\/\/web-pyme.cl\/mandalas\/wp-json\/wp\/v2\/product_tag?post=472"}],"curies":[{"name":"wp","href":"https:\/\/api.w.org\/{rel}","templated":true}]}}