{"id":443,"date":"2021-11-24T19:58:53","date_gmt":"2021-11-24T22:58:53","guid":{"rendered":"https:\/\/web-pyme.cl\/mandalas\/?post_type=product&#038;p=443"},"modified":"2024-04-12T12:24:06","modified_gmt":"2024-04-12T16:24:06","slug":"camion-de-salvamento-de-animales-grande","status":"publish","type":"product","link":"https:\/\/web-pyme.cl\/mandalas\/producto\/camion-de-salvamento-de-animales-grande\/","title":{"rendered":"Cami\u00f3n de salvamento de animales grande"},"content":{"rendered":"<p>De safari, Tom y Ted se encuentran con una leona que debe ser atendida de inmediato en el cami\u00f3n. Para ello, sacan la cabina de tratamiento de su cami\u00f3n y la ponen en el suelo. Ahora, ya pueden tratar a la leona porque el cami\u00f3n est\u00e1 perfectamente preparado para ello. El guarda Tom siempre lleva consigo material de vendaje y el estetoscopio. Cuando terminan, la leona se acomoda en la caja de transporte. Con ayuda de la gr\u00faa, se coloca primero la cabina en el cami\u00f3n y, a continuaci\u00f3n, se fija la caja al mismo. Para terminar, Tom y Ted dejan a la leona en libertad junto a un gran abrevadero, donde podr\u00e1 recuperarse.<br \/>\nDato divertido<\/p>\n<p>El torno de la gr\u00faa puede fijarse a la cabina del conductor.<br \/>\nManual de construcci\u00f3n<br \/>\nDescargar instrucciones de construcci\u00f3n (40.6 MB)<\/p>\n<h3>Contenido<\/h3>\n<p>1 le\u00f3n, 1 suricato, 1 ranger, 1 gr\u00faa con cabrestante, 1 jaula, 1 cami\u00f3n, 1 escalera, 1 contenedor, 1 estetoscopio, 1 vendaje<\/p>\n<p><strong>Advertencia! Las piezas peque\u00f1as pueden ser ingeridas. Peligro de asfixia.<\/strong><\/p>\n","protected":false},"excerpt":{"rendered":"<p>El guarda Tom y su amigo Ted, la suricata macho, est\u00e1n en el cami\u00f3n de salvamento de animales de Schleich\u00ae Wild Life en su primera misi\u00f3n conjunta. De safari, Tom y Ted se encuentran con una leona que debe ser atendida de inmediato en el cami\u00f3n.<\/p>\n","protected":false},"featured_media":469,"comment_status":"open","ping_status":"closed","template":"","meta":{"_kad_post_transparent":"default","_kad_post_title":"","_kad_post_layout":"default","_kad_post_sidebar_id":"","_kad_post_content_style":"default","_kad_post_vertical_padding":"default","_kad_post_feature":"","_kad_post_feature_position":"","_kad_post_header":false,"_kad_post_footer":false},"location":[],"product_cat":[38],"product_tag":[],"class_list":["post-443","product","type-product","status-publish","has-post-thumbnail","hentry","pwb-brand-schleich","product_cat-vida-salvaje","pa_edad-recomendada-de-3-a-8-anos","entry","content-bg","loop-entry"],"acf":[],"brands":[{"id":36,"name":"Schleich","slug":"schleich"}],"locations":[],"_links":{"self":[{"href":"https:\/\/web-pyme.cl\/mandalas\/wp-json\/wp\/v2\/product\/443","targetHints":{"allow":["GET"]}}],"collection":[{"href":"https:\/\/web-pyme.cl\/mandalas\/wp-json\/wp\/v2\/product"}],"about":[{"href":"https:\/\/web-pyme.cl\/mandalas\/wp-json\/wp\/v2\/types\/product"}],"replies":[{"embeddable":true,"href":"https:\/\/web-pyme.cl\/mandalas\/wp-json\/wp\/v2\/comments?post=443"}],"wp:featuredmedia":[{"embeddable":true,"href":"https:\/\/web-pyme.cl\/mandalas\/wp-json\/wp\/v2\/media\/469"}],"wp:attachment":[{"href":"https:\/\/web-pyme.cl\/mandalas\/wp-json\/wp\/v2\/media?parent=443"}],"wp:term":[{"taxonomy":"location","embeddable":true,"href":"https:\/\/web-pyme.cl\/mandalas\/wp-json\/wp\/v2\/location?post=443"},{"taxonomy":"product_cat","embeddable":true,"href":"https:\/\/web-pyme.cl\/mandalas\/wp-json\/wp\/v2\/product_cat?post=443"},{"taxonomy":"product_tag","embeddable":true,"href":"https:\/\/web-pyme.cl\/mandalas\/wp-json\/wp\/v2\/product_tag?post=443"}],"curies":[{"name":"wp","href":"https:\/\/api.w.org\/{rel}","templated":true}]}}