{"id":441,"date":"2021-11-24T19:50:24","date_gmt":"2021-11-24T22:50:24","guid":{"rendered":"https:\/\/web-pyme.cl\/mandalas\/?post_type=product&#038;p=441"},"modified":"2022-05-16T13:38:11","modified_gmt":"2022-05-16T17:38:11","slug":"tarantula","status":"publish","type":"product","link":"https:\/\/web-pyme.cl\/mandalas\/producto\/tarantula\/","title":{"rendered":"Tar\u00e1ntula"},"content":{"rendered":"<p>Las tar\u00e1ntulas son de las ara\u00f1as m\u00e1s grandes del mundo. A diferencia de muchas otras ara\u00f1as, no tejen telara\u00f1as, sino que esperan a sus presas, especialmente ranas, ratones y p\u00e1jaros. La gente no debe temerlas. Si bien las tar\u00e1ntulas tienen una picadura fuerte, son animales buenos y su veneno es m\u00e1s d\u00e9bil que el de las abejas.<br \/>\nDato divertido<\/p>\n<p>Las tar\u00e1ntulas son animales fr\u00e1giles. Incluso una ca\u00edda a poca altura puede ser fat\u00eddica para ellas.<\/p>\n<h3>Hechos cient\u00edficos<\/h3>\n<p>Nombre cient\u00edfico: Theraphosidae<br \/>\nEstado de conservaci\u00f3n: Casi amenazada<br \/>\nH\u00e1bitat principal: Bosque Subtropical<\/p>\n","protected":false},"excerpt":{"rendered":"<p>Las tar\u00e1ntulas son de las ara\u00f1as m\u00e1s grandes del mundo.<\/p>\n","protected":false},"featured_media":442,"comment_status":"open","ping_status":"closed","template":"","meta":{"_kad_post_transparent":"default","_kad_post_title":"","_kad_post_layout":"default","_kad_post_sidebar_id":"","_kad_post_content_style":"default","_kad_post_vertical_padding":"default","_kad_post_feature":"","_kad_post_feature_position":"","_kad_post_header":false,"_kad_post_footer":false},"location":[],"product_cat":[38],"product_tag":[],"class_list":["post-441","product","type-product","status-publish","has-post-thumbnail","hentry","pwb-brand-schleich","product_cat-vida-salvaje","pa_edad-recomendada-de-3-a-8-anos","entry","content-bg","loop-entry"],"acf":[],"brands":[{"id":36,"name":"Schleich","slug":"schleich"}],"locations":[],"_links":{"self":[{"href":"https:\/\/web-pyme.cl\/mandalas\/wp-json\/wp\/v2\/product\/441","targetHints":{"allow":["GET"]}}],"collection":[{"href":"https:\/\/web-pyme.cl\/mandalas\/wp-json\/wp\/v2\/product"}],"about":[{"href":"https:\/\/web-pyme.cl\/mandalas\/wp-json\/wp\/v2\/types\/product"}],"replies":[{"embeddable":true,"href":"https:\/\/web-pyme.cl\/mandalas\/wp-json\/wp\/v2\/comments?post=441"}],"wp:featuredmedia":[{"embeddable":true,"href":"https:\/\/web-pyme.cl\/mandalas\/wp-json\/wp\/v2\/media\/442"}],"wp:attachment":[{"href":"https:\/\/web-pyme.cl\/mandalas\/wp-json\/wp\/v2\/media?parent=441"}],"wp:term":[{"taxonomy":"location","embeddable":true,"href":"https:\/\/web-pyme.cl\/mandalas\/wp-json\/wp\/v2\/location?post=441"},{"taxonomy":"product_cat","embeddable":true,"href":"https:\/\/web-pyme.cl\/mandalas\/wp-json\/wp\/v2\/product_cat?post=441"},{"taxonomy":"product_tag","embeddable":true,"href":"https:\/\/web-pyme.cl\/mandalas\/wp-json\/wp\/v2\/product_tag?post=441"}],"curies":[{"name":"wp","href":"https:\/\/api.w.org\/{rel}","templated":true}]}}