{"id":429,"date":"2021-11-24T19:44:45","date_gmt":"2021-11-24T22:44:45","guid":{"rendered":"https:\/\/web-pyme.cl\/mandalas\/?post_type=product&#038;p=429"},"modified":"2024-04-12T12:24:06","modified_gmt":"2024-04-12T16:24:06","slug":"casa-para-tortugas","status":"publish","type":"product","link":"https:\/\/web-pyme.cl\/mandalas\/producto\/casa-para-tortugas\/","title":{"rendered":"Casa para tortugas"},"content":{"rendered":"<p>La casa para tortugas de Schleich\u00ae Wild Life consta de un pr\u00e1ctico cobijo que protege a los reptiles del sol, la lluvia, el viento y el fr\u00edo. En ella, las tortugas tambi\u00e9n pueden descansar y comer lechuga fresca despu\u00e9s de dar un paseo por el jard\u00edn. Si reciben el cuidado adecuado, estas fabulosas mascotas pueden llegar a vivir muchos a\u00f1os. Algunas especies viven incluso mucho m\u00e1s de 70 a\u00f1os.<br \/>\nDato divertido<\/p>\n<p>A estas tortugas les encanta la lechuga, pero tambi\u00e9n se alimentan de hierbas, pastos, hojas y flores.<\/p>\n<ul>\n<li>Las figuras de Schleich\u00ae est\u00e1n modeladas al detalle y son juguetes con un gran valor educativo.<\/li>\n<li>El art\u00edculo pertenece al universo tem\u00e1tico WILD LIFE y es apto para ni\u00f1os de entre 3 y 8 a\u00f1os<\/li>\n<li>El set consta de 4 animales y fant\u00e1sticos accesorios.<\/li>\n<\/ul>\n<h3>Contenido<\/h3>\n<p>1 tortuga grande, 3 cr\u00edas de tortuga, 1 lechuga, 1 casa para tortugas<\/p>\n<p><strong>Advertencia! Las piezas peque\u00f1as pueden ser ingeridas. Peligro de asfixia.<\/strong><\/p>\n","protected":false},"excerpt":{"rendered":"<p>La casa para tortugas de Schleich\u00ae Wild Life es un c\u00f3modo lugar de descanso para la tortuga gigante y sus tres peque\u00f1os.<\/p>\n","protected":false},"featured_media":433,"comment_status":"open","ping_status":"closed","template":"","meta":{"_kad_post_transparent":"default","_kad_post_title":"","_kad_post_layout":"default","_kad_post_sidebar_id":"","_kad_post_content_style":"default","_kad_post_vertical_padding":"default","_kad_post_feature":"","_kad_post_feature_position":"","_kad_post_header":false,"_kad_post_footer":false},"location":[],"product_cat":[38],"product_tag":[],"class_list":["post-429","product","type-product","status-publish","has-post-thumbnail","hentry","pwb-brand-schleich","product_cat-vida-salvaje","pa_edad-recomendada-de-3-a-8-anos","entry","content-bg","loop-entry"],"acf":[],"brands":[{"id":36,"name":"Schleich","slug":"schleich"}],"locations":[],"_links":{"self":[{"href":"https:\/\/web-pyme.cl\/mandalas\/wp-json\/wp\/v2\/product\/429","targetHints":{"allow":["GET"]}}],"collection":[{"href":"https:\/\/web-pyme.cl\/mandalas\/wp-json\/wp\/v2\/product"}],"about":[{"href":"https:\/\/web-pyme.cl\/mandalas\/wp-json\/wp\/v2\/types\/product"}],"replies":[{"embeddable":true,"href":"https:\/\/web-pyme.cl\/mandalas\/wp-json\/wp\/v2\/comments?post=429"}],"wp:featuredmedia":[{"embeddable":true,"href":"https:\/\/web-pyme.cl\/mandalas\/wp-json\/wp\/v2\/media\/433"}],"wp:attachment":[{"href":"https:\/\/web-pyme.cl\/mandalas\/wp-json\/wp\/v2\/media?parent=429"}],"wp:term":[{"taxonomy":"location","embeddable":true,"href":"https:\/\/web-pyme.cl\/mandalas\/wp-json\/wp\/v2\/location?post=429"},{"taxonomy":"product_cat","embeddable":true,"href":"https:\/\/web-pyme.cl\/mandalas\/wp-json\/wp\/v2\/product_cat?post=429"},{"taxonomy":"product_tag","embeddable":true,"href":"https:\/\/web-pyme.cl\/mandalas\/wp-json\/wp\/v2\/product_tag?post=429"}],"curies":[{"name":"wp","href":"https:\/\/api.w.org\/{rel}","templated":true}]}}