{"id":425,"date":"2021-11-24T19:37:05","date_gmt":"2021-11-24T22:37:05","guid":{"rendered":"https:\/\/web-pyme.cl\/mandalas\/?post_type=product&#038;p=425"},"modified":"2022-05-16T13:38:11","modified_gmt":"2022-05-16T17:38:11","slug":"casa-para-elfantes","status":"publish","type":"product","link":"https:\/\/web-pyme.cl\/mandalas\/producto\/casa-para-elfantes\/","title":{"rendered":"Casa para elfantes"},"content":{"rendered":"<p>El ranger construye un cercado para dos elefantes asi\u00e1ticos. El elefante macho y la cr\u00eda de elefante est\u00e1n encantados con su nuevo hogar, ya que les proteger\u00e1 de los furtivos y de los depredadores hambrientos que rondan por los alrededores.<br \/>\nDato divertido<\/p>\n<p>Est\u00e1n pintadas a mano y se crean poniendo atenci\u00f3n a cada detalle.<\/p>\n<h3>Contenido<\/h3>\n<p>1x ranger, 1x elefante asi\u00e1tico macho, 1x cr\u00eda de elefante asi\u00e1tico<\/p>\n<p><strong>Advertencia! Las piezas peque\u00f1as pueden ser ingeridas. Peligro de asfixia.<\/strong><\/p>\n","protected":false},"excerpt":{"rendered":"<p>El ranger construye un cercado para dos elefantes asi\u00e1ticos.<\/p>\n","protected":false},"featured_media":427,"comment_status":"open","ping_status":"closed","template":"","meta":{"_kad_post_transparent":"default","_kad_post_title":"","_kad_post_layout":"default","_kad_post_sidebar_id":"","_kad_post_content_style":"default","_kad_post_vertical_padding":"default","_kad_post_feature":"","_kad_post_feature_position":"","_kad_post_header":false,"_kad_post_footer":false},"location":[],"product_cat":[38],"product_tag":[],"class_list":["post-425","product","type-product","status-publish","has-post-thumbnail","hentry","pwb-brand-schleich","product_cat-vida-salvaje","pa_edad-recomendada-de-3-a-8-anos","entry","content-bg","loop-entry"],"acf":[],"brands":[{"id":36,"name":"Schleich","slug":"schleich"}],"locations":[],"_links":{"self":[{"href":"https:\/\/web-pyme.cl\/mandalas\/wp-json\/wp\/v2\/product\/425","targetHints":{"allow":["GET"]}}],"collection":[{"href":"https:\/\/web-pyme.cl\/mandalas\/wp-json\/wp\/v2\/product"}],"about":[{"href":"https:\/\/web-pyme.cl\/mandalas\/wp-json\/wp\/v2\/types\/product"}],"replies":[{"embeddable":true,"href":"https:\/\/web-pyme.cl\/mandalas\/wp-json\/wp\/v2\/comments?post=425"}],"wp:featuredmedia":[{"embeddable":true,"href":"https:\/\/web-pyme.cl\/mandalas\/wp-json\/wp\/v2\/media\/427"}],"wp:attachment":[{"href":"https:\/\/web-pyme.cl\/mandalas\/wp-json\/wp\/v2\/media?parent=425"}],"wp:term":[{"taxonomy":"location","embeddable":true,"href":"https:\/\/web-pyme.cl\/mandalas\/wp-json\/wp\/v2\/location?post=425"},{"taxonomy":"product_cat","embeddable":true,"href":"https:\/\/web-pyme.cl\/mandalas\/wp-json\/wp\/v2\/product_cat?post=425"},{"taxonomy":"product_tag","embeddable":true,"href":"https:\/\/web-pyme.cl\/mandalas\/wp-json\/wp\/v2\/product_tag?post=425"}],"curies":[{"name":"wp","href":"https:\/\/api.w.org\/{rel}","templated":true}]}}