{"id":408,"date":"2021-11-24T19:23:33","date_gmt":"2021-11-24T22:23:33","guid":{"rendered":"https:\/\/web-pyme.cl\/mandalas\/?post_type=product&#038;p=408"},"modified":"2022-05-16T13:38:11","modified_gmt":"2022-05-16T17:38:11","slug":"quad-con-remolque-y-ranger","status":"publish","type":"product","link":"https:\/\/web-pyme.cl\/mandalas\/producto\/quad-con-remolque-y-ranger\/","title":{"rendered":"Quad con remolque y ranger"},"content":{"rendered":"<p>\u00a1Set de complementos para el centro de investigaci\u00f3n de la selva CROCO! \u00a1Acompa\u00f1a al guarda forestal Alex en su quad en una emocionante expedici\u00f3n por la selva! Ayuda al guarda forestal Alex a explorar los lugares m\u00e1s remotos de la selva y de terrenos impracticables, a observar a los animales y a llevar a los animales heridos al centro de investigaci\u00f3n CROCO. Mete al tigre en la jaula a trav\u00e9s de la rampa y ll\u00e9valo en tu quad al campamento base para que lo examines. Tom, el guarda forestal, y su equipo se enfrentan a una misi\u00f3n. El centro de investigaci\u00f3n de la selva CROCO es el punto de inicio de esta gran aventura. Desde aqu\u00ed, la veterinaria Mary y los dos guardas forestales Tom y Alex comienzan su expedici\u00f3n en quad o en bote. Set de juego con quad m\u00f3vil, remolque desmontable, guarda forestal, tigre, jaula de transporte y accesorios. \u00a1Descubre otros sets de juego y completa tu mundo de juego!<br \/>\nDato divertido<\/p>\n<p>\u00a1El remolque se adec\u00faa a todos los veh\u00edculos de Schleich\u00ae!<br \/>\nManual de construcci\u00f3n<br \/>\nDescargar instrucciones de construcci\u00f3n (2.39 MB)<\/p>\n<h3>Contenido<\/h3>\n<p>1x quad CROCO, 1x remolque, 1x guarda forestal Alex, 1x casco, 1x tigre, 1x jaula, 1x caja de aluminio, 1x hacha, 1x tel\u00e9fono v\u00eda sat\u00e9lite, 1x hoja de pegatinas<\/p>\n<p><strong>Advertencia! Las piezas peque\u00f1as pueden ser ingeridas. Peligro de asfixia.<\/strong><\/p>\n","protected":false},"excerpt":{"rendered":"<p>\u00a1Set de complementos para el centro de investigaci\u00f3n de la selva CROCO! \u00a1Acompa\u00f1a al guarda forestal Alex en su expedici\u00f3n por la selva! \u00a1Quad m\u00f3vil con guarda forestal, remolque y jaula de animales adem\u00e1s de otros accesorios! \u00a1Descubre otros sets de jueg<\/p>\n","protected":false},"featured_media":423,"comment_status":"open","ping_status":"closed","template":"","meta":{"_kad_post_transparent":"default","_kad_post_title":"","_kad_post_layout":"default","_kad_post_sidebar_id":"","_kad_post_content_style":"default","_kad_post_vertical_padding":"default","_kad_post_feature":"","_kad_post_feature_position":"","_kad_post_header":false,"_kad_post_footer":false},"location":[],"product_cat":[38],"product_tag":[],"class_list":["post-408","product","type-product","status-publish","has-post-thumbnail","hentry","pwb-brand-schleich","product_cat-vida-salvaje","pa_edad-recomendada-de-3-a-8-anos","entry","content-bg","loop-entry"],"acf":[],"brands":[{"id":36,"name":"Schleich","slug":"schleich"}],"locations":[],"_links":{"self":[{"href":"https:\/\/web-pyme.cl\/mandalas\/wp-json\/wp\/v2\/product\/408","targetHints":{"allow":["GET"]}}],"collection":[{"href":"https:\/\/web-pyme.cl\/mandalas\/wp-json\/wp\/v2\/product"}],"about":[{"href":"https:\/\/web-pyme.cl\/mandalas\/wp-json\/wp\/v2\/types\/product"}],"replies":[{"embeddable":true,"href":"https:\/\/web-pyme.cl\/mandalas\/wp-json\/wp\/v2\/comments?post=408"}],"wp:featuredmedia":[{"embeddable":true,"href":"https:\/\/web-pyme.cl\/mandalas\/wp-json\/wp\/v2\/media\/423"}],"wp:attachment":[{"href":"https:\/\/web-pyme.cl\/mandalas\/wp-json\/wp\/v2\/media?parent=408"}],"wp:term":[{"taxonomy":"location","embeddable":true,"href":"https:\/\/web-pyme.cl\/mandalas\/wp-json\/wp\/v2\/location?post=408"},{"taxonomy":"product_cat","embeddable":true,"href":"https:\/\/web-pyme.cl\/mandalas\/wp-json\/wp\/v2\/product_cat?post=408"},{"taxonomy":"product_tag","embeddable":true,"href":"https:\/\/web-pyme.cl\/mandalas\/wp-json\/wp\/v2\/product_tag?post=408"}],"curies":[{"name":"wp","href":"https:\/\/api.w.org\/{rel}","templated":true}]}}