{"id":392,"date":"2021-11-24T19:16:12","date_gmt":"2021-11-24T22:16:12","guid":{"rendered":"https:\/\/web-pyme.cl\/mandalas\/?post_type=product&#038;p=392"},"modified":"2022-05-16T13:38:11","modified_gmt":"2022-05-16T17:38:11","slug":"todoterreno-con-cabestrante","status":"publish","type":"product","link":"https:\/\/web-pyme.cl\/mandalas\/producto\/todoterreno-con-cabestrante\/","title":{"rendered":"Todoterreno con cabestrante"},"content":{"rendered":"<p>Es la hora de disfrutar de una aventura llena de acci\u00f3n con el guardabosque David y su fiel compa\u00f1ero , \u00a1el peque\u00f1o chimpanc\u00e9! Acompa\u00f1a a ambos en un viaje salvaje por la selva. \u00a1Ata el gancho del cabestrante extensible al tronco del \u00e1rbol para arrancarlo del barro! \u00a1Cambia un neum\u00e1tico o echa gasolina al 4&#215;4 con la lata de gasolina! \u00a1Salva a los animales heridos con el equipamiento veterinario! Ay\u00fadales a salir de la densa selva y ll\u00e9vales al Centro de Investigaci\u00f3n CROCO! El set incluye un 4&#215;4, el guardabosque David, un chimpanc\u00e9 y fant\u00e1sticos accesorios. Las figuras de Schleich\u00ae contienen muchos detalles, est\u00e1n pintadas con un gran cuidado y permiten a los ni\u00f1os jugar y aprender a la vez. Este set es el complemento ideal para el art\u00edculo 42350 Estaci\u00f3n de Investigaci\u00f3n de la selva CROCO.<br \/>\nDato divertido<\/p>\n<p>Todas las figuras de Schleich\u00ae est\u00e1n hechas con fidelidad a los detalles y est\u00e1n pintadas.<br \/>\nManual de construcci\u00f3n<br \/>\nDescargar instrucciones de construcci\u00f3n (19.1 MB)<\/p>\n<h3>Contenido<\/h3>\n<p>1 todoterreno, 1 cabestrante, 1 guardabosque, 1 cr\u00eda de chimpanc\u00e9, 2 bidones de gasolina, 1 llave en cruz, 1 caja de aluminio, 1 pala, 1 hacha, 1 cuchillo, 1 botiqu\u00edn, 1 jeringuilla, 1 estetoscopio, 1 ung\u00fcento, 1 venda, 1 pliego de pegatinas<\/p>\n<p><strong>Advertencia! Las piezas peque\u00f1as pueden ser ingeridas. Peligro de asfixia.<\/strong><\/p>\n","protected":false},"excerpt":{"rendered":"<p>Es la hora de disfrutar de una aventura llena de acci\u00f3n con el guardabosque David y su fiel compa\u00f1ero , \u00a1el peque\u00f1o chimpanc\u00e9! El cabestrante extensible puede engancharse en la parte delantera y trasera del veh\u00edculo y asegurarse as\u00ed de mucha diversi\u00f3n.<\/p>\n","protected":false},"featured_media":401,"comment_status":"open","ping_status":"closed","template":"","meta":{"_kad_post_transparent":"default","_kad_post_title":"","_kad_post_layout":"default","_kad_post_sidebar_id":"","_kad_post_content_style":"default","_kad_post_vertical_padding":"default","_kad_post_feature":"","_kad_post_feature_position":"","_kad_post_header":false,"_kad_post_footer":false},"location":[],"product_cat":[38],"product_tag":[],"class_list":["post-392","product","type-product","status-publish","has-post-thumbnail","hentry","pwb-brand-schleich","product_cat-vida-salvaje","pa_edad-recomendada-de-3-a-8-anos","entry","content-bg","loop-entry"],"acf":[],"brands":[{"id":36,"name":"Schleich","slug":"schleich"}],"locations":[],"_links":{"self":[{"href":"https:\/\/web-pyme.cl\/mandalas\/wp-json\/wp\/v2\/product\/392","targetHints":{"allow":["GET"]}}],"collection":[{"href":"https:\/\/web-pyme.cl\/mandalas\/wp-json\/wp\/v2\/product"}],"about":[{"href":"https:\/\/web-pyme.cl\/mandalas\/wp-json\/wp\/v2\/types\/product"}],"replies":[{"embeddable":true,"href":"https:\/\/web-pyme.cl\/mandalas\/wp-json\/wp\/v2\/comments?post=392"}],"wp:featuredmedia":[{"embeddable":true,"href":"https:\/\/web-pyme.cl\/mandalas\/wp-json\/wp\/v2\/media\/401"}],"wp:attachment":[{"href":"https:\/\/web-pyme.cl\/mandalas\/wp-json\/wp\/v2\/media?parent=392"}],"wp:term":[{"taxonomy":"location","embeddable":true,"href":"https:\/\/web-pyme.cl\/mandalas\/wp-json\/wp\/v2\/location?post=392"},{"taxonomy":"product_cat","embeddable":true,"href":"https:\/\/web-pyme.cl\/mandalas\/wp-json\/wp\/v2\/product_cat?post=392"},{"taxonomy":"product_tag","embeddable":true,"href":"https:\/\/web-pyme.cl\/mandalas\/wp-json\/wp\/v2\/product_tag?post=392"}],"curies":[{"name":"wp","href":"https:\/\/api.w.org\/{rel}","templated":true}]}}