{"id":337,"date":"2021-11-24T15:07:03","date_gmt":"2021-11-24T18:07:03","guid":{"rendered":"https:\/\/web-pyme.cl\/mandalas\/?post_type=product&#038;p=337"},"modified":"2024-02-05T09:43:42","modified_gmt":"2024-02-05T12:43:42","slug":"set-de-dinosaurios-con-cueva","status":"publish","type":"product","link":"https:\/\/web-pyme.cl\/mandalas\/producto\/set-de-dinosaurios-con-cueva\/","title":{"rendered":"Set de dinosaurios con cueva"},"content":{"rendered":"<p>El Herrerasaurio, de alimentaci\u00f3n carn\u00edvora, camina hambriento de un lado a otro de la cueva de los dinosaurios. El Microrr\u00e1ptor no tiene problemas para esconderse de \u00e9l gracias a su escaso tama\u00f1o corporal, aunque al Psittacosaurio no le queda otra que salir corriendo. Pero, \u00bfqu\u00e9 es eso? Un desprendimiento de rocas amenaza con sepultar a los animales. \u00bfConseguir\u00e1n salvarse los tres dinos?<br \/>\nDato divertido<\/p>\n<p>\u00a1La cueva de los dinosaurios te llevar\u00e1 a un viaje emocionante por la era de los dinosaurios!<br \/>\nManual de construcci\u00f3n<br \/>\nDescargar instrucciones de construcci\u00f3n (5.79 MB)<\/p>\n<h3>Contenido<\/h3>\n<p>1 x herrerasaurus, 1 x psittacosaurus, 1 x microrr\u00e1ptor, 1 x cueva, 1 x columna, 1 x piedra, 1 x placa de piedra<\/p>\n","protected":false},"excerpt":{"rendered":"<p>El Herrerasaurio, de alimentaci\u00f3n carn\u00edvora, camina hambriento de un lado a otro de la cueva de los dinosaurios.<\/p>\n","protected":false},"featured_media":349,"comment_status":"open","ping_status":"closed","template":"","meta":{"_kad_post_transparent":"default","_kad_post_title":"","_kad_post_layout":"default","_kad_post_sidebar_id":"","_kad_post_content_style":"default","_kad_post_vertical_padding":"default","_kad_post_feature":"","_kad_post_feature_position":"","_kad_post_header":false,"_kad_post_footer":false},"location":[],"product_cat":[40],"product_tag":[],"class_list":["post-337","product","type-product","status-publish","has-post-thumbnail","hentry","pwb-brand-schleich","product_cat-dinosaurios","pa_edad-recomendada-de-4-a-12-anos","entry","content-bg","loop-entry"],"acf":[],"brands":[{"id":36,"name":"Schleich","slug":"schleich"}],"locations":[],"_links":{"self":[{"href":"https:\/\/web-pyme.cl\/mandalas\/wp-json\/wp\/v2\/product\/337","targetHints":{"allow":["GET"]}}],"collection":[{"href":"https:\/\/web-pyme.cl\/mandalas\/wp-json\/wp\/v2\/product"}],"about":[{"href":"https:\/\/web-pyme.cl\/mandalas\/wp-json\/wp\/v2\/types\/product"}],"replies":[{"embeddable":true,"href":"https:\/\/web-pyme.cl\/mandalas\/wp-json\/wp\/v2\/comments?post=337"}],"wp:featuredmedia":[{"embeddable":true,"href":"https:\/\/web-pyme.cl\/mandalas\/wp-json\/wp\/v2\/media\/349"}],"wp:attachment":[{"href":"https:\/\/web-pyme.cl\/mandalas\/wp-json\/wp\/v2\/media?parent=337"}],"wp:term":[{"taxonomy":"location","embeddable":true,"href":"https:\/\/web-pyme.cl\/mandalas\/wp-json\/wp\/v2\/location?post=337"},{"taxonomy":"product_cat","embeddable":true,"href":"https:\/\/web-pyme.cl\/mandalas\/wp-json\/wp\/v2\/product_cat?post=337"},{"taxonomy":"product_tag","embeddable":true,"href":"https:\/\/web-pyme.cl\/mandalas\/wp-json\/wp\/v2\/product_tag?post=337"}],"curies":[{"name":"wp","href":"https:\/\/api.w.org\/{rel}","templated":true}]}}