{"id":287,"date":"2021-11-24T14:42:13","date_gmt":"2021-11-24T17:42:13","guid":{"rendered":"https:\/\/web-pyme.cl\/mandalas\/?post_type=product&#038;p=287"},"modified":"2022-10-13T10:49:36","modified_gmt":"2022-10-13T13:49:36","slug":"estacion-de-aventuras-wild-life","status":"publish","type":"product","link":"https:\/\/web-pyme.cl\/mandalas\/producto\/estacion-de-aventuras-wild-life\/","title":{"rendered":"Estaci\u00f3n de aventuras WILD LIFE"},"content":{"rendered":"<p>En la nueva estaci\u00f3n de aventuras de Schleich\u00ae WILD LIFE, el guardabosques Steve y sus animales experimentan algo nuevo cada d\u00eda. Despu\u00e9s de levantarse, primero visita a las dos peque\u00f1as tortugas, que ya est\u00e1n jugando alegremente y desliz\u00e1ndose por la colina. \u00a1Incluso el lindo monito se divierte mucho en su tobog\u00e1n de ramas! \u00bfQu\u00e9 es ese rugido? \u00a1La pantera negra y el cocodrilo no se ponen de acuerdo sobre qui\u00e9n puede instalarse c\u00f3modamente en la madriguera! El guardabosques Steve se apresura a cruzar el puente colgante para resolver la disputa. Pero ten cuidado: Algunos de los tablones de madera del puente colgante est\u00e1n bastante podridos. El guardabosques Steve debe tener cuidado para no caer. Me pregunto si puede hacerlo.<br \/>\nDato divertido<\/p>\n<p>\u00a1Al lindo monito le encanta balancearse en las ramas de su \u00e1rbol!<\/p>\n<ul>\n<li>\u00a1Con muchas posibilidades de juego emocionantes!<\/li>\n<li>Las figuras de Schleich\u00ae est\u00e1n modeladas al detalle y son juguetes con un gran valor educativo.<\/li>\n<li>El art\u00edculo pertenece al universo tem\u00e1tico WILD LIFE y es apto para ni\u00f1os de entre 3 y 8 a\u00f1os<\/li>\n<li>Este juego contiene 5 animales y al guardabosques Steve!<\/li>\n<\/ul>\n<h3>M\u00e1s informaci\u00f3n<\/h3>\n<p>Schleich y Nat Geo Kids. Proteger los animales y la naturaleza. Schleich ha firmado un acuerdo de varios a\u00f1os con National Geographic Kids para que los ni\u00f1os se entusiasmen con los animales y la conservaci\u00f3n de la naturaleza a trav\u00e9s del juego. M\u00e1s informaci\u00f3n.<br \/>\nContenido<\/p>\n<p>1x guardabosques, 1x beb\u00e9 gorila, 1x pantera negra, 1x cocodrilo, 2x tortugas beb\u00e9, 1x estaci\u00f3n de aventuras, 1x puente colgante con funci\u00f3n de ca\u00edda, 1x placa base con cueva y tobog\u00e1n, 1x gr\u00faa con gancho, 1x \u00e1rbol con tobog\u00e1n, 1x escalera de cuerda, 1x gancho adaptador, 2x espada\u00f1as, 1x hoja, 1x caja de transporte, 1x tel\u00e9fono satelital, 1x cuchillo, 1x prism\u00e1ticos, 1x linterna<\/p>\n<p><strong>Advertencia! Las piezas peque\u00f1as pueden ser ingeridas. Peligro de asfixia.<\/strong><\/p>\n","protected":false},"excerpt":{"rendered":"<p>La nueva estaci\u00f3n de aventuras de Schleich\u00ae WILD LIFE con muchas posibilidades de juego, el guardabosques Steve y populares figuras de animales es la nueva estrella del mundo salvaje de WILD LIFE!<\/p>\n","protected":false},"featured_media":302,"comment_status":"open","ping_status":"closed","template":"","meta":{"_kad_post_transparent":"default","_kad_post_title":"","_kad_post_layout":"default","_kad_post_sidebar_id":"","_kad_post_content_style":"default","_kad_post_vertical_padding":"default","_kad_post_feature":"","_kad_post_feature_position":"","_kad_post_header":false,"_kad_post_footer":false},"location":[],"product_cat":[38],"product_tag":[],"class_list":["post-287","product","type-product","status-publish","has-post-thumbnail","hentry","pwb-brand-schleich","product_cat-vida-salvaje","pa_edad-recomendada-de-3-a-8-anos","entry","content-bg","loop-entry"],"acf":[],"brands":[{"id":36,"name":"Schleich","slug":"schleich"}],"locations":[],"_links":{"self":[{"href":"https:\/\/web-pyme.cl\/mandalas\/wp-json\/wp\/v2\/product\/287","targetHints":{"allow":["GET"]}}],"collection":[{"href":"https:\/\/web-pyme.cl\/mandalas\/wp-json\/wp\/v2\/product"}],"about":[{"href":"https:\/\/web-pyme.cl\/mandalas\/wp-json\/wp\/v2\/types\/product"}],"replies":[{"embeddable":true,"href":"https:\/\/web-pyme.cl\/mandalas\/wp-json\/wp\/v2\/comments?post=287"}],"wp:featuredmedia":[{"embeddable":true,"href":"https:\/\/web-pyme.cl\/mandalas\/wp-json\/wp\/v2\/media\/302"}],"wp:attachment":[{"href":"https:\/\/web-pyme.cl\/mandalas\/wp-json\/wp\/v2\/media?parent=287"}],"wp:term":[{"taxonomy":"location","embeddable":true,"href":"https:\/\/web-pyme.cl\/mandalas\/wp-json\/wp\/v2\/location?post=287"},{"taxonomy":"product_cat","embeddable":true,"href":"https:\/\/web-pyme.cl\/mandalas\/wp-json\/wp\/v2\/product_cat?post=287"},{"taxonomy":"product_tag","embeddable":true,"href":"https:\/\/web-pyme.cl\/mandalas\/wp-json\/wp\/v2\/product_tag?post=287"}],"curies":[{"name":"wp","href":"https:\/\/api.w.org\/{rel}","templated":true}]}}