{"id":220,"date":"2021-11-19T19:47:08","date_gmt":"2021-11-19T22:47:08","guid":{"rendered":"https:\/\/web-pyme.cl\/mandalas\/?post_type=product&#038;p=220"},"modified":"2022-05-16T13:38:12","modified_gmt":"2022-05-16T17:38:12","slug":"fiesta-de-toboganes-de-los-osos-polares","status":"publish","type":"product","link":"https:\/\/web-pyme.cl\/mandalas\/producto\/fiesta-de-toboganes-de-los-osos-polares\/","title":{"rendered":"Fiesta de toboganes de los osos polares"},"content":{"rendered":"<p>Las figuras de Schleich\u00ae est\u00e1n modeladas al detalle y son juguetes con un gran valor educativo.<br \/>\nEl art\u00edculo pertenece al universo tem\u00e1tico WILD LIFE y es apto para ni\u00f1os de entre 3 y 8 a\u00f1os<br \/>\nEl set consta de 3 animales y un fant\u00e1stico accesorio.<\/p>\n<p>Contenido<\/p>\n<p>1 oso polar, 1 oso polar jugando, 1 narval, 1 t\u00e9mpano de hielo<\/p>\n","protected":false},"excerpt":{"rendered":"<p>El gran t\u00e9mpano de hielo de la \u00abFiesta de toboganes de los osos polares\u00bb Schleich\u00ae WILD LIFE es muy inestable. Por eso, ambos osos deben tener cuidado para no caer al agua mientras juegan.<\/p>\n","protected":false},"featured_media":259,"comment_status":"open","ping_status":"closed","template":"","meta":{"_kad_post_transparent":"default","_kad_post_title":"","_kad_post_layout":"default","_kad_post_sidebar_id":"","_kad_post_content_style":"default","_kad_post_vertical_padding":"default","_kad_post_feature":"","_kad_post_feature_position":"","_kad_post_header":false,"_kad_post_footer":false},"location":[],"product_cat":[38],"product_tag":[],"class_list":["post-220","product","type-product","status-publish","has-post-thumbnail","hentry","pwb-brand-schleich","product_cat-vida-salvaje","pa_edad-recomendada-de-3-a-8-anos","entry","content-bg","loop-entry"],"acf":[],"brands":[{"id":36,"name":"Schleich","slug":"schleich"}],"locations":[],"_links":{"self":[{"href":"https:\/\/web-pyme.cl\/mandalas\/wp-json\/wp\/v2\/product\/220","targetHints":{"allow":["GET"]}}],"collection":[{"href":"https:\/\/web-pyme.cl\/mandalas\/wp-json\/wp\/v2\/product"}],"about":[{"href":"https:\/\/web-pyme.cl\/mandalas\/wp-json\/wp\/v2\/types\/product"}],"replies":[{"embeddable":true,"href":"https:\/\/web-pyme.cl\/mandalas\/wp-json\/wp\/v2\/comments?post=220"}],"wp:featuredmedia":[{"embeddable":true,"href":"https:\/\/web-pyme.cl\/mandalas\/wp-json\/wp\/v2\/media\/259"}],"wp:attachment":[{"href":"https:\/\/web-pyme.cl\/mandalas\/wp-json\/wp\/v2\/media?parent=220"}],"wp:term":[{"taxonomy":"location","embeddable":true,"href":"https:\/\/web-pyme.cl\/mandalas\/wp-json\/wp\/v2\/location?post=220"},{"taxonomy":"product_cat","embeddable":true,"href":"https:\/\/web-pyme.cl\/mandalas\/wp-json\/wp\/v2\/product_cat?post=220"},{"taxonomy":"product_tag","embeddable":true,"href":"https:\/\/web-pyme.cl\/mandalas\/wp-json\/wp\/v2\/product_tag?post=220"}],"curies":[{"name":"wp","href":"https:\/\/api.w.org\/{rel}","templated":true}]}}