{"id":1019,"date":"2022-08-25T15:55:03","date_gmt":"2022-08-25T19:55:03","guid":{"rendered":"https:\/\/web-pyme.cl\/mandalas\/?post_type=product&#038;p=1019"},"modified":"2025-04-15T17:09:35","modified_gmt":"2025-04-15T21:09:35","slug":"mega-bloks-tren-abc-musical","status":"publish","type":"product","link":"https:\/\/web-pyme.cl\/mandalas\/producto\/mega-bloks-tren-abc-musical\/","title":{"rendered":"Mega Bloks\u00ae Tren ABC musical"},"content":{"rendered":"","protected":false},"excerpt":{"rendered":"<h5 class=\"pv-details__heading\">Detalles del producto<\/h5>\n<div id=\"productDetailsDescription\" class=\"pv-details__description-wrapper\">\n<p>\u00a1El Tren de aprendizaje ABC emite sonidos reales y m\u00fasica! \u00a1Tu peque\u00f1o maquinista aprender\u00e1 las letras a toda m\u00e1quina mientras construye un tren musical con las letras de la A a la Z! Conecta las tres bases con ruedas entre ellas y apila encima los bloques con letras para aprender el abecedario o incluso para construir palabras enteras. Luego, \u00a1aprieta la chimenea del tren y descubre sonidos realistas as\u00ed como una canci\u00f3n para darle un toque de magia musical a tu aventura del abecedario! Ideal para ni\u00f1os de 1 a 5 a\u00f1os.<\/p>\n<ul>\n<li>Tren musical f\u00e1cil de construir para aprender el abecedario.<\/li>\n<li>Aprieta la chimenea para activar sonidos reales de tren y m\u00fasica.<\/li>\n<li>Conjunto de juego de 50 piezas que incluye tres bases con ruedas, bloques de construcci\u00f3n y formas especiales de tren.<\/li>\n<li>Los bloques presentan todas las letras de la A a la Z.<\/li>\n<li>Un juguete perfecto para manos peque\u00f1as.<\/li>\n<\/ul>\n<\/div>\n","protected":false},"featured_media":1023,"comment_status":"open","ping_status":"closed","template":"","meta":{"_kad_post_transparent":"default","_kad_post_title":"","_kad_post_layout":"default","_kad_post_sidebar_id":"","_kad_post_content_style":"default","_kad_post_vertical_padding":"default","_kad_post_feature":"","_kad_post_feature_position":"","_kad_post_header":false,"_kad_post_footer":false},"location":[],"product_cat":[56],"product_tag":[],"class_list":["post-1019","product","type-product","status-publish","has-post-thumbnail","hentry","pwb-brand-mega","product_cat-mega-bloks","entry","content-bg","loop-entry"],"acf":[],"brands":[{"id":59,"name":"Mega","slug":"mega"}],"locations":[],"_links":{"self":[{"href":"https:\/\/web-pyme.cl\/mandalas\/wp-json\/wp\/v2\/product\/1019","targetHints":{"allow":["GET"]}}],"collection":[{"href":"https:\/\/web-pyme.cl\/mandalas\/wp-json\/wp\/v2\/product"}],"about":[{"href":"https:\/\/web-pyme.cl\/mandalas\/wp-json\/wp\/v2\/types\/product"}],"replies":[{"embeddable":true,"href":"https:\/\/web-pyme.cl\/mandalas\/wp-json\/wp\/v2\/comments?post=1019"}],"wp:featuredmedia":[{"embeddable":true,"href":"https:\/\/web-pyme.cl\/mandalas\/wp-json\/wp\/v2\/media\/1023"}],"wp:attachment":[{"href":"https:\/\/web-pyme.cl\/mandalas\/wp-json\/wp\/v2\/media?parent=1019"}],"wp:term":[{"taxonomy":"location","embeddable":true,"href":"https:\/\/web-pyme.cl\/mandalas\/wp-json\/wp\/v2\/location?post=1019"},{"taxonomy":"product_cat","embeddable":true,"href":"https:\/\/web-pyme.cl\/mandalas\/wp-json\/wp\/v2\/product_cat?post=1019"},{"taxonomy":"product_tag","embeddable":true,"href":"https:\/\/web-pyme.cl\/mandalas\/wp-json\/wp\/v2\/product_tag?post=1019"}],"curies":[{"name":"wp","href":"https:\/\/api.w.org\/{rel}","templated":true}]}}